{"id":14275,"date":"2022-05-03T09:39:38","date_gmt":"2022-05-03T07:39:38","guid":{"rendered":"https:\/\/havas.cz\/?page_id=14275"},"modified":"2022-05-03T10:01:17","modified_gmt":"2022-05-03T08:01:17","slug":"cookies","status":"publish","type":"page","link":"https:\/\/havas.cz\/en\/cookies\/","title":{"rendered":"Cookies"},"content":{"rendered":"\n<h2 class=\"wp-block-heading\">What are cookies?<\/h2>\n\n\n\n<p>A cookie is a&nbsp;small text file that a&nbsp;website stores on your computer or mobile device when you visit the site.<\/p>\n\n\n\n<ul class=\"wp-block-list\"><li><strong>First party cookies<\/strong>&nbsp;are cookies set by the website you\u2019re visiting. Only that website can read them. In addition, a&nbsp;website might potentially use external services, which also set their own cookies, known as&nbsp;<strong>third-party cookies.<\/strong><\/li><li>Persistent cookies&nbsp;are cookies saved on your computer and that are not deleted automatically when you quit your browser, unlike a&nbsp;session cookie,&nbsp;which is deleted when you quit your browser.<\/li><\/ul>\n\n\n\n<p>Every time you visit the our website, you will be prompted to&nbsp;<strong>accept or refuse cookies.<\/strong><\/p>\n\n\n\n<p>The purpose is to enable the site to remember your preferences (such as user name, language, etc.) for a&nbsp;certain period of time.<\/p>\n\n\n\n<p>That way, you don\u2019t have to re-enter them when browsing around the site during the same visit.<\/p>\n\n\n\n<p>Cookies can also be used to establish anonymised statistics about the browsing experience on our sites.<\/p>\n\n\n\n<h2 class=\"wp-block-heading\">How do we use cookies?<\/h2>\n\n\n\n<p>Havas website mostly use \u201cfirst-party cookies\u201d. These are cookies set and controlled by Havas, not by any external organisation.<\/p>\n\n\n\n<p>However, to view some of our pages, you will have to accept cookies from external organisations. &nbsp;<\/p>\n\n\n\n<p>The&nbsp;<strong>3 types of first-party cookie<\/strong>&nbsp;we use are to:<\/p>\n\n\n\n<ul class=\"wp-block-list\"><li>store visitor preferences<\/li><li>make our websites operational<\/li><li>gather analytics data (about user behaviour)<\/li><\/ul>\n\n\n\n<p><strong>Visitor preferences<\/strong><\/p>\n\n\n\n<p>These are set by us and only we can read them. They remember:<\/p>\n\n\n\n<ul class=\"wp-block-list\"><li>if you have agreed to (or refused) this site\u2019s cookie policy<\/li><\/ul>\n\n\n\n<p><strong>Operational cookies<\/strong><\/p>\n\n\n\n<p>There are some cookies that we have to include in order for certain web pages to function. For this reason, they do not require your consent. In particular:<\/p>\n\n\n\n<ul class=\"wp-block-list\"><li><strong>technical cookies<\/strong>&nbsp;required by certain IT systems<\/li><\/ul>\n\n\n\n<p><strong>Analytics cookies<\/strong><\/p>\n\n\n\n<p>We use these purely for internal research on how we can improve the service we provide for all our users.<\/p>\n\n\n\n<p>The cookies simply assess how you interact with our website \u2013 as an anonymous user (the&nbsp;<strong>data gathered does not identify you personally<\/strong>).<\/p>\n\n\n\n<p>Also, this data is&nbsp;<strong>not shared with any third parties<\/strong>&nbsp;or used for any other purpose. The anonymised statistics could be shared with contractors working on communication projects under contractual agreement with Havas.<\/p>\n\n\n\n<p>However, you are&nbsp;<strong>free to refuse<\/strong>&nbsp;these types of cookies \u2013 either via the cookie banner you\u2019ll see on the first page you visit or at&nbsp;Havas Analytics.<\/p>\n\n\n\n<h2 class=\"wp-block-heading\">Third-party cookies<\/h2>\n\n\n\n<p>Some of our pages display content from external providers, e.g. YouTube, Facebook and Twitter.<\/p>\n\n\n\n<p>To view this third-party content, you first have to accept their specific terms and conditions. This includes their cookie policies, which we have no control over.<\/p>\n\n\n\n<p>But if you do not view this content, no third-party cookies are installed on your device.<\/p>\n\n\n\n<p><strong>Third-party providers on Havas website<\/strong><\/p>\n\n\n\n<p>These third-party services are outside of our control. Providers may, at any time, change their terms of service, purpose and use of cookies, etc.<\/p>\n\n\n\n<h2 class=\"wp-block-heading\">How can you manage cookies?<\/h2>\n\n\n\n<p><strong>Removing cookies from your device<\/strong><\/p>\n\n\n\n<p>You can delete all cookies that are already on your device by clearing the browsing history of your browser. This will remove all cookies from all websites you have visited.<\/p>\n\n\n\n<p>Be aware though that you may also lose some saved information.<\/p>\n\n\n\n<p><strong>Managing site-specific cookies<\/strong><\/p>\n\n\n\n<p>For more detailed control over site-specific cookies, check the privacy and cookie settings in your preferred browser.<\/p>\n\n\n\n<p><strong>Blocking cookies<\/strong><\/p>\n\n\n\n<p>You can set most modern browsers to prevent any cookies being placed on your device, but you may then have to manually adjust some preferences every time you visit a&nbsp;site\/page.<\/p>\n\n\n\n<p><strong>Managing our analytics cookies<\/strong><\/p>\n\n\n\n<p>You can manage your preferences concerning cookies from Havas on the dedicated Havas Analytics&nbsp;page.<\/p>\n","protected":false},"excerpt":{"rendered":"<p>What are cookies? A cookie is a&nbsp;small text file that a&nbsp;website stores on your computer or mobile device when you visit the site. First party cookies&nbsp;are cookies set by the website you\u2019re visiting. Only that website can read them. In addition, a&nbsp;website might potentially use external services, which also set their own cookies, known as&nbsp;third-party [&hellip;]<\/p>\n","protected":false},"author":48,"featured_media":16001,"parent":0,"menu_order":13,"comment_status":"closed","ping_status":"closed","template":"","meta":{"footnotes":"","_links_to":"","_links_to_target":""},"class_list":["post-14275","page","type-page","status-publish","has-post-thumbnail","hentry"],"yoast_head":"<!-- This site is optimized with the Yoast SEO plugin v27.1.1 - https:\/\/yoast.com\/product\/yoast-seo-wordpress\/ -->\n<title>Cookies - Havas Prague<\/title>\n<meta name=\"description\" content=\"Cookies - Havas Prague\" \/>\n<meta name=\"robots\" content=\"index, follow, max-snippet:-1, max-image-preview:large, max-video-preview:-1\" \/>\n<link rel=\"canonical\" href=\"https:\/\/havas.cz\/en\/cookies\/\" \/>\n<meta property=\"og:locale\" content=\"en_US\" \/>\n<meta property=\"og:type\" content=\"article\" \/>\n<meta property=\"og:title\" content=\"Cookies - Havas Prague\" \/>\n<meta property=\"og:description\" content=\"Cookies - Havas Prague\" \/>\n<meta property=\"og:url\" content=\"https:\/\/havas.cz\/en\/cookies\/\" \/>\n<meta property=\"og:site_name\" content=\"Havas Prague\" \/>\n<meta property=\"article:modified_time\" content=\"2022-05-03T08:01:17+00:00\" \/>\n<meta property=\"og:image\" content=\"https:\/\/havas.cz\/wp-content\/uploads\/2018\/09\/bg-termsofuse.jpg\" \/>\n\t<meta property=\"og:image:width\" content=\"1600\" \/>\n\t<meta property=\"og:image:height\" content=\"440\" \/>\n\t<meta property=\"og:image:type\" content=\"image\/jpeg\" \/>\n<meta name=\"twitter:card\" content=\"summary_large_image\" \/>\n<meta name=\"twitter:label1\" content=\"Est. reading time\" \/>\n\t<meta name=\"twitter:data1\" content=\"4 minutes\" \/>\n<script type=\"application\/ld+json\" class=\"yoast-schema-graph\">{\"@context\":\"https:\/\/schema.org\",\"@graph\":[{\"@type\":\"WebPage\",\"@id\":\"https:\/\/havas.cz\/en\/cookies\/\",\"url\":\"https:\/\/havas.cz\/en\/cookies\/\",\"name\":\"Cookies - Havas Prague\",\"isPartOf\":{\"@id\":\"https:\/\/havas.cz\/#website\"},\"primaryImageOfPage\":{\"@id\":\"https:\/\/havas.cz\/en\/cookies\/#primaryimage\"},\"image\":{\"@id\":\"https:\/\/havas.cz\/en\/cookies\/#primaryimage\"},\"thumbnailUrl\":\"https:\/\/havas.cz\/wp-content\/uploads\/2023\/11\/havas-base-bg.png\",\"datePublished\":\"2022-05-03T07:39:38+00:00\",\"dateModified\":\"2022-05-03T08:01:17+00:00\",\"description\":\"Cookies - Havas Prague\",\"breadcrumb\":{\"@id\":\"https:\/\/havas.cz\/en\/cookies\/#breadcrumb\"},\"inLanguage\":\"en-US\",\"potentialAction\":[{\"@type\":\"ReadAction\",\"target\":[\"https:\/\/havas.cz\/en\/cookies\/\"]}]},{\"@type\":\"ImageObject\",\"inLanguage\":\"en-US\",\"@id\":\"https:\/\/havas.cz\/en\/cookies\/#primaryimage\",\"url\":\"https:\/\/havas.cz\/wp-content\/uploads\/2023\/11\/havas-base-bg.png\",\"contentUrl\":\"https:\/\/havas.cz\/wp-content\/uploads\/2023\/11\/havas-base-bg.png\",\"width\":1424,\"height\":440},{\"@type\":\"BreadcrumbList\",\"@id\":\"https:\/\/havas.cz\/en\/cookies\/#breadcrumb\",\"itemListElement\":[{\"@type\":\"ListItem\",\"position\":1,\"name\":\"Dom\u016f\",\"item\":\"https:\/\/havas.cz\/en\/\"},{\"@type\":\"ListItem\",\"position\":2,\"name\":\"Cookies\"}]},{\"@type\":\"WebSite\",\"@id\":\"https:\/\/havas.cz\/#website\",\"url\":\"https:\/\/havas.cz\/\",\"name\":\"Havas Prague\",\"description\":\"Agentura Havas Prague. Vytv\u00e1\u0159\u00edme smyslupln\u00e1 spojen\u00ed mezi zna\u010dkami a spot\u0159ebiteli.\",\"potentialAction\":[{\"@type\":\"SearchAction\",\"target\":{\"@type\":\"EntryPoint\",\"urlTemplate\":\"https:\/\/havas.cz\/?s={search_term_string}\"},\"query-input\":{\"@type\":\"PropertyValueSpecification\",\"valueRequired\":true,\"valueName\":\"search_term_string\"}}],\"inLanguage\":\"en-US\"}]}<\/script>\n<!-- \/ Yoast SEO plugin. -->","yoast_head_json":{"title":"Cookies - Havas Prague","description":"Cookies - Havas Prague","robots":{"index":"index","follow":"follow","max-snippet":"max-snippet:-1","max-image-preview":"max-image-preview:large","max-video-preview":"max-video-preview:-1"},"canonical":"https:\/\/havas.cz\/en\/cookies\/","og_locale":"en_US","og_type":"article","og_title":"Cookies - Havas Prague","og_description":"Cookies - Havas Prague","og_url":"https:\/\/havas.cz\/en\/cookies\/","og_site_name":"Havas Prague","article_modified_time":"2022-05-03T08:01:17+00:00","og_image":[{"width":1600,"height":440,"url":"https:\/\/havas.cz\/wp-content\/uploads\/2018\/09\/bg-termsofuse.jpg","type":"image\/jpeg"}],"twitter_card":"summary_large_image","twitter_misc":{"Est. reading time":"4 minutes"},"schema":{"@context":"https:\/\/schema.org","@graph":[{"@type":"WebPage","@id":"https:\/\/havas.cz\/en\/cookies\/","url":"https:\/\/havas.cz\/en\/cookies\/","name":"Cookies - Havas Prague","isPartOf":{"@id":"https:\/\/havas.cz\/#website"},"primaryImageOfPage":{"@id":"https:\/\/havas.cz\/en\/cookies\/#primaryimage"},"image":{"@id":"https:\/\/havas.cz\/en\/cookies\/#primaryimage"},"thumbnailUrl":"https:\/\/havas.cz\/wp-content\/uploads\/2023\/11\/havas-base-bg.png","datePublished":"2022-05-03T07:39:38+00:00","dateModified":"2022-05-03T08:01:17+00:00","description":"Cookies - Havas Prague","breadcrumb":{"@id":"https:\/\/havas.cz\/en\/cookies\/#breadcrumb"},"inLanguage":"en-US","potentialAction":[{"@type":"ReadAction","target":["https:\/\/havas.cz\/en\/cookies\/"]}]},{"@type":"ImageObject","inLanguage":"en-US","@id":"https:\/\/havas.cz\/en\/cookies\/#primaryimage","url":"https:\/\/havas.cz\/wp-content\/uploads\/2023\/11\/havas-base-bg.png","contentUrl":"https:\/\/havas.cz\/wp-content\/uploads\/2023\/11\/havas-base-bg.png","width":1424,"height":440},{"@type":"BreadcrumbList","@id":"https:\/\/havas.cz\/en\/cookies\/#breadcrumb","itemListElement":[{"@type":"ListItem","position":1,"name":"Dom\u016f","item":"https:\/\/havas.cz\/en\/"},{"@type":"ListItem","position":2,"name":"Cookies"}]},{"@type":"WebSite","@id":"https:\/\/havas.cz\/#website","url":"https:\/\/havas.cz\/","name":"Havas Prague","description":"Agentura Havas Prague. Vytv\u00e1\u0159\u00edme smyslupln\u00e1 spojen\u00ed mezi zna\u010dkami a spot\u0159ebiteli.","potentialAction":[{"@type":"SearchAction","target":{"@type":"EntryPoint","urlTemplate":"https:\/\/havas.cz\/?s={search_term_string}"},"query-input":{"@type":"PropertyValueSpecification","valueRequired":true,"valueName":"search_term_string"}}],"inLanguage":"en-US"}]}},"_links":{"self":[{"href":"https:\/\/havas.cz\/en\/wp-json\/wp\/v2\/pages\/14275","targetHints":{"allow":["GET"]}}],"collection":[{"href":"https:\/\/havas.cz\/en\/wp-json\/wp\/v2\/pages"}],"about":[{"href":"https:\/\/havas.cz\/en\/wp-json\/wp\/v2\/types\/page"}],"author":[{"embeddable":true,"href":"https:\/\/havas.cz\/en\/wp-json\/wp\/v2\/users\/48"}],"replies":[{"embeddable":true,"href":"https:\/\/havas.cz\/en\/wp-json\/wp\/v2\/comments?post=14275"}],"version-history":[{"count":0,"href":"https:\/\/havas.cz\/en\/wp-json\/wp\/v2\/pages\/14275\/revisions"}],"wp:featuredmedia":[{"embeddable":true,"href":"https:\/\/havas.cz\/en\/wp-json\/wp\/v2\/media\/16001"}],"wp:attachment":[{"href":"https:\/\/havas.cz\/en\/wp-json\/wp\/v2\/media?parent=14275"}],"curies":[{"name":"wp","href":"https:\/\/api.w.org\/{rel}","templated":true}]}}