{"id":15528,"date":"2023-02-06T13:09:22","date_gmt":"2023-02-06T12:09:22","guid":{"rendered":"https:\/\/havas.cz\/?page_id=15528"},"modified":"2023-02-07T10:24:08","modified_gmt":"2023-02-07T09:24:08","slug":"havas-digital","status":"publish","type":"page","link":"https:\/\/havas.cz\/en\/havas-digital\/","title":{"rendered":"Havas Digital"},"content":{"rendered":"\n<p><strong>As companies undergo their own journeys toward digital transformation, Havas Digital helps them by playing an active role in keeping up with the pace of change in the digital world. <\/strong><\/p>\n\n\n\n<p>Every day we work with our clients to find new, innovative ways to tell their brand stories, and to stay relevant in a&nbsp;a&nbsp;constantly changing media landscape. We occupy the space at the intersection between digital design, technology and content creation.<\/p>\n","protected":false},"excerpt":{"rendered":"<p>As companies undergo their own journeys toward digital transformation, Havas Digital helps them by playing an active role in keeping up with the pace of change in the digital world. Every day we work with our clients to find new, innovative ways to tell their brand stories, and to stay relevant in a&nbsp;a&nbsp;constantly changing media [&hellip;]<\/p>\n","protected":false},"author":48,"featured_media":0,"parent":0,"menu_order":13,"comment_status":"closed","ping_status":"closed","template":"","meta":{"footnotes":"","_links_to":"","_links_to_target":""},"class_list":["post-15528","page","type-page","status-publish","hentry"],"yoast_head":"<!-- This site is optimized with the Yoast SEO plugin v27.1.1 - https:\/\/yoast.com\/product\/yoast-seo-wordpress\/ -->\n<title>Havas Digital - Havas Prague<\/title>\n<meta name=\"description\" content=\"Havas Digital - Havas Prague\" \/>\n<meta name=\"robots\" content=\"index, follow, max-snippet:-1, max-image-preview:large, max-video-preview:-1\" \/>\n<link rel=\"canonical\" href=\"https:\/\/havas.cz\/en\/havas-digital\/\" \/>\n<meta property=\"og:locale\" content=\"en_US\" \/>\n<meta property=\"og:type\" content=\"article\" \/>\n<meta property=\"og:title\" content=\"Havas Digital - Havas Prague\" \/>\n<meta property=\"og:description\" content=\"Havas Digital - Havas Prague\" \/>\n<meta property=\"og:url\" content=\"https:\/\/havas.cz\/en\/havas-digital\/\" \/>\n<meta property=\"og:site_name\" content=\"Havas Prague\" \/>\n<meta property=\"article:modified_time\" content=\"2023-02-07T09:24:08+00:00\" \/>\n<meta name=\"twitter:card\" content=\"summary_large_image\" \/>\n<meta name=\"twitter:label1\" content=\"Est. reading time\" \/>\n\t<meta name=\"twitter:data1\" content=\"1 minute\" \/>\n<script type=\"application\/ld+json\" class=\"yoast-schema-graph\">{\"@context\":\"https:\/\/schema.org\",\"@graph\":[{\"@type\":\"WebPage\",\"@id\":\"https:\/\/havas.cz\/en\/havas-digital\/\",\"url\":\"https:\/\/havas.cz\/en\/havas-digital\/\",\"name\":\"Havas Digital - Havas Prague\",\"isPartOf\":{\"@id\":\"https:\/\/havas.cz\/#website\"},\"datePublished\":\"2023-02-06T12:09:22+00:00\",\"dateModified\":\"2023-02-07T09:24:08+00:00\",\"description\":\"Havas Digital - Havas Prague\",\"breadcrumb\":{\"@id\":\"https:\/\/havas.cz\/en\/havas-digital\/#breadcrumb\"},\"inLanguage\":\"en-US\",\"potentialAction\":[{\"@type\":\"ReadAction\",\"target\":[\"https:\/\/havas.cz\/en\/havas-digital\/\"]}]},{\"@type\":\"BreadcrumbList\",\"@id\":\"https:\/\/havas.cz\/en\/havas-digital\/#breadcrumb\",\"itemListElement\":[{\"@type\":\"ListItem\",\"position\":1,\"name\":\"Dom\u016f\",\"item\":\"https:\/\/havas.cz\/en\/\"},{\"@type\":\"ListItem\",\"position\":2,\"name\":\"Havas Digital\"}]},{\"@type\":\"WebSite\",\"@id\":\"https:\/\/havas.cz\/#website\",\"url\":\"https:\/\/havas.cz\/\",\"name\":\"Havas Prague\",\"description\":\"Agentura Havas Prague. Vytv\u00e1\u0159\u00edme smyslupln\u00e1 spojen\u00ed mezi zna\u010dkami a spot\u0159ebiteli.\",\"potentialAction\":[{\"@type\":\"SearchAction\",\"target\":{\"@type\":\"EntryPoint\",\"urlTemplate\":\"https:\/\/havas.cz\/?s={search_term_string}\"},\"query-input\":{\"@type\":\"PropertyValueSpecification\",\"valueRequired\":true,\"valueName\":\"search_term_string\"}}],\"inLanguage\":\"en-US\"}]}<\/script>\n<!-- \/ Yoast SEO plugin. -->","yoast_head_json":{"title":"Havas Digital - Havas Prague","description":"Havas Digital - Havas Prague","robots":{"index":"index","follow":"follow","max-snippet":"max-snippet:-1","max-image-preview":"max-image-preview:large","max-video-preview":"max-video-preview:-1"},"canonical":"https:\/\/havas.cz\/en\/havas-digital\/","og_locale":"en_US","og_type":"article","og_title":"Havas Digital - Havas Prague","og_description":"Havas Digital - Havas Prague","og_url":"https:\/\/havas.cz\/en\/havas-digital\/","og_site_name":"Havas Prague","article_modified_time":"2023-02-07T09:24:08+00:00","twitter_card":"summary_large_image","twitter_misc":{"Est. reading time":"1 minute"},"schema":{"@context":"https:\/\/schema.org","@graph":[{"@type":"WebPage","@id":"https:\/\/havas.cz\/en\/havas-digital\/","url":"https:\/\/havas.cz\/en\/havas-digital\/","name":"Havas Digital - Havas Prague","isPartOf":{"@id":"https:\/\/havas.cz\/#website"},"datePublished":"2023-02-06T12:09:22+00:00","dateModified":"2023-02-07T09:24:08+00:00","description":"Havas Digital - Havas Prague","breadcrumb":{"@id":"https:\/\/havas.cz\/en\/havas-digital\/#breadcrumb"},"inLanguage":"en-US","potentialAction":[{"@type":"ReadAction","target":["https:\/\/havas.cz\/en\/havas-digital\/"]}]},{"@type":"BreadcrumbList","@id":"https:\/\/havas.cz\/en\/havas-digital\/#breadcrumb","itemListElement":[{"@type":"ListItem","position":1,"name":"Dom\u016f","item":"https:\/\/havas.cz\/en\/"},{"@type":"ListItem","position":2,"name":"Havas Digital"}]},{"@type":"WebSite","@id":"https:\/\/havas.cz\/#website","url":"https:\/\/havas.cz\/","name":"Havas Prague","description":"Agentura Havas Prague. Vytv\u00e1\u0159\u00edme smyslupln\u00e1 spojen\u00ed mezi zna\u010dkami a spot\u0159ebiteli.","potentialAction":[{"@type":"SearchAction","target":{"@type":"EntryPoint","urlTemplate":"https:\/\/havas.cz\/?s={search_term_string}"},"query-input":{"@type":"PropertyValueSpecification","valueRequired":true,"valueName":"search_term_string"}}],"inLanguage":"en-US"}]}},"_links":{"self":[{"href":"https:\/\/havas.cz\/en\/wp-json\/wp\/v2\/pages\/15528","targetHints":{"allow":["GET"]}}],"collection":[{"href":"https:\/\/havas.cz\/en\/wp-json\/wp\/v2\/pages"}],"about":[{"href":"https:\/\/havas.cz\/en\/wp-json\/wp\/v2\/types\/page"}],"author":[{"embeddable":true,"href":"https:\/\/havas.cz\/en\/wp-json\/wp\/v2\/users\/48"}],"replies":[{"embeddable":true,"href":"https:\/\/havas.cz\/en\/wp-json\/wp\/v2\/comments?post=15528"}],"version-history":[{"count":0,"href":"https:\/\/havas.cz\/en\/wp-json\/wp\/v2\/pages\/15528\/revisions"}],"wp:attachment":[{"href":"https:\/\/havas.cz\/en\/wp-json\/wp\/v2\/media?parent=15528"}],"curies":[{"name":"wp","href":"https:\/\/api.w.org\/{rel}","templated":true}]}}