{"id":15532,"date":"2023-02-06T13:11:40","date_gmt":"2023-02-06T12:11:40","guid":{"rendered":"https:\/\/havas.cz\/?page_id=15532"},"modified":"2023-02-06T13:11:41","modified_gmt":"2023-02-06T12:11:41","slug":"hercules","status":"publish","type":"page","link":"https:\/\/havas.cz\/en\/hercules\/","title":{"rendered":"Hercules"},"content":{"rendered":"\n<p>Hercules is the fastest growing creative, localization, and production agency dedicated to enabling our clients\u2019 transformation and helping them achieve higher ROI through more impactful brand assets and greater cost efficiencies.<\/p>\n\n\n\n<p>Our scope encompasses the creation of original content, brand amplification and transcreation, as well as end-to end film production.&nbsp;<\/p>\n\n\n\n<p>In addition to this, we offer a&nbsp;broad range of in-house digital and social media capabilities.<\/p>\n\n\n\n<p>Hercules is made up of some 1400 talents, working with production facilities in 14 locations on four continents. Our native project managers manage the implementation of global brand strategies for our global clients with the support of in-market teams in approximately 70 countries.&nbsp;<\/p>\n","protected":false},"excerpt":{"rendered":"<p>Hercules is the fastest growing creative, localization, and production agency dedicated to enabling our clients\u2019 transformation and helping them achieve higher ROI through more impactful brand assets and greater cost efficiencies. Our scope encompasses the creation of original content, brand amplification and transcreation, as well as end-to end film production.&nbsp; In addition to this, we [&hellip;]<\/p>\n","protected":false},"author":48,"featured_media":0,"parent":0,"menu_order":14,"comment_status":"closed","ping_status":"closed","template":"","meta":{"footnotes":"","_links_to":"","_links_to_target":""},"class_list":["post-15532","page","type-page","status-publish","hentry"],"yoast_head":"<!-- This site is optimized with the Yoast SEO plugin v27.1.1 - https:\/\/yoast.com\/product\/yoast-seo-wordpress\/ -->\n<title>Hercules - Havas Prague<\/title>\n<meta name=\"description\" content=\"Hercules - Havas Prague\" \/>\n<meta name=\"robots\" content=\"index, follow, max-snippet:-1, max-image-preview:large, max-video-preview:-1\" \/>\n<link rel=\"canonical\" href=\"https:\/\/havas.cz\/en\/hercules\/\" \/>\n<meta property=\"og:locale\" content=\"en_US\" \/>\n<meta property=\"og:type\" content=\"article\" \/>\n<meta property=\"og:title\" content=\"Hercules - Havas Prague\" \/>\n<meta property=\"og:description\" content=\"Hercules - Havas Prague\" \/>\n<meta property=\"og:url\" content=\"https:\/\/havas.cz\/en\/hercules\/\" \/>\n<meta property=\"og:site_name\" content=\"Havas Prague\" \/>\n<meta property=\"article:modified_time\" content=\"2023-02-06T12:11:41+00:00\" \/>\n<meta name=\"twitter:card\" content=\"summary_large_image\" \/>\n<meta name=\"twitter:label1\" content=\"Est. reading time\" \/>\n\t<meta name=\"twitter:data1\" content=\"1 minute\" \/>\n<script type=\"application\/ld+json\" class=\"yoast-schema-graph\">{\"@context\":\"https:\/\/schema.org\",\"@graph\":[{\"@type\":\"WebPage\",\"@id\":\"https:\/\/havas.cz\/en\/hercules\/\",\"url\":\"https:\/\/havas.cz\/en\/hercules\/\",\"name\":\"Hercules - Havas Prague\",\"isPartOf\":{\"@id\":\"https:\/\/havas.cz\/#website\"},\"datePublished\":\"2023-02-06T12:11:40+00:00\",\"dateModified\":\"2023-02-06T12:11:41+00:00\",\"description\":\"Hercules - Havas Prague\",\"breadcrumb\":{\"@id\":\"https:\/\/havas.cz\/en\/hercules\/#breadcrumb\"},\"inLanguage\":\"en-US\",\"potentialAction\":[{\"@type\":\"ReadAction\",\"target\":[\"https:\/\/havas.cz\/en\/hercules\/\"]}]},{\"@type\":\"BreadcrumbList\",\"@id\":\"https:\/\/havas.cz\/en\/hercules\/#breadcrumb\",\"itemListElement\":[{\"@type\":\"ListItem\",\"position\":1,\"name\":\"Dom\u016f\",\"item\":\"https:\/\/havas.cz\/en\/\"},{\"@type\":\"ListItem\",\"position\":2,\"name\":\"Hercules\"}]},{\"@type\":\"WebSite\",\"@id\":\"https:\/\/havas.cz\/#website\",\"url\":\"https:\/\/havas.cz\/\",\"name\":\"Havas Prague\",\"description\":\"Agentura Havas Prague. Vytv\u00e1\u0159\u00edme smyslupln\u00e1 spojen\u00ed mezi zna\u010dkami a spot\u0159ebiteli.\",\"potentialAction\":[{\"@type\":\"SearchAction\",\"target\":{\"@type\":\"EntryPoint\",\"urlTemplate\":\"https:\/\/havas.cz\/?s={search_term_string}\"},\"query-input\":{\"@type\":\"PropertyValueSpecification\",\"valueRequired\":true,\"valueName\":\"search_term_string\"}}],\"inLanguage\":\"en-US\"}]}<\/script>\n<!-- \/ Yoast SEO plugin. -->","yoast_head_json":{"title":"Hercules - Havas Prague","description":"Hercules - Havas Prague","robots":{"index":"index","follow":"follow","max-snippet":"max-snippet:-1","max-image-preview":"max-image-preview:large","max-video-preview":"max-video-preview:-1"},"canonical":"https:\/\/havas.cz\/en\/hercules\/","og_locale":"en_US","og_type":"article","og_title":"Hercules - Havas Prague","og_description":"Hercules - Havas Prague","og_url":"https:\/\/havas.cz\/en\/hercules\/","og_site_name":"Havas Prague","article_modified_time":"2023-02-06T12:11:41+00:00","twitter_card":"summary_large_image","twitter_misc":{"Est. reading time":"1 minute"},"schema":{"@context":"https:\/\/schema.org","@graph":[{"@type":"WebPage","@id":"https:\/\/havas.cz\/en\/hercules\/","url":"https:\/\/havas.cz\/en\/hercules\/","name":"Hercules - Havas Prague","isPartOf":{"@id":"https:\/\/havas.cz\/#website"},"datePublished":"2023-02-06T12:11:40+00:00","dateModified":"2023-02-06T12:11:41+00:00","description":"Hercules - Havas Prague","breadcrumb":{"@id":"https:\/\/havas.cz\/en\/hercules\/#breadcrumb"},"inLanguage":"en-US","potentialAction":[{"@type":"ReadAction","target":["https:\/\/havas.cz\/en\/hercules\/"]}]},{"@type":"BreadcrumbList","@id":"https:\/\/havas.cz\/en\/hercules\/#breadcrumb","itemListElement":[{"@type":"ListItem","position":1,"name":"Dom\u016f","item":"https:\/\/havas.cz\/en\/"},{"@type":"ListItem","position":2,"name":"Hercules"}]},{"@type":"WebSite","@id":"https:\/\/havas.cz\/#website","url":"https:\/\/havas.cz\/","name":"Havas Prague","description":"Agentura Havas Prague. Vytv\u00e1\u0159\u00edme smyslupln\u00e1 spojen\u00ed mezi zna\u010dkami a spot\u0159ebiteli.","potentialAction":[{"@type":"SearchAction","target":{"@type":"EntryPoint","urlTemplate":"https:\/\/havas.cz\/?s={search_term_string}"},"query-input":{"@type":"PropertyValueSpecification","valueRequired":true,"valueName":"search_term_string"}}],"inLanguage":"en-US"}]}},"_links":{"self":[{"href":"https:\/\/havas.cz\/en\/wp-json\/wp\/v2\/pages\/15532","targetHints":{"allow":["GET"]}}],"collection":[{"href":"https:\/\/havas.cz\/en\/wp-json\/wp\/v2\/pages"}],"about":[{"href":"https:\/\/havas.cz\/en\/wp-json\/wp\/v2\/types\/page"}],"author":[{"embeddable":true,"href":"https:\/\/havas.cz\/en\/wp-json\/wp\/v2\/users\/48"}],"replies":[{"embeddable":true,"href":"https:\/\/havas.cz\/en\/wp-json\/wp\/v2\/comments?post=15532"}],"version-history":[{"count":0,"href":"https:\/\/havas.cz\/en\/wp-json\/wp\/v2\/pages\/15532\/revisions"}],"wp:attachment":[{"href":"https:\/\/havas.cz\/en\/wp-json\/wp\/v2\/media?parent=15532"}],"curies":[{"name":"wp","href":"https:\/\/api.w.org\/{rel}","templated":true}]}}