{"id":16320,"date":"2023-12-15T18:20:00","date_gmt":"2023-12-15T17:20:00","guid":{"rendered":"https:\/\/havas.cz\/?page_id=16320"},"modified":"2023-12-18T16:49:32","modified_gmt":"2023-12-18T15:49:32","slug":"havas-red","status":"publish","type":"page","link":"https:\/\/havas.cz\/en\/havas-red\/","title":{"rendered":"HAVAS Red"},"content":{"rendered":"<div class=\"wp-block-image\">\n<figure class=\"alignright size-large is-resized\"><a href=\"https:\/\/havas.cz\/wp-content\/uploads\/2023\/12\/havasredlogo-red-and-black-rgb.png\" rel=\"lightbox\" ><img loading=\"lazy\" decoding=\"async\" width=\"1024\" height=\"239\" src=\"https:\/\/havas.cz\/wp-content\/uploads\/2023\/12\/havasredlogo-red-and-black-rgb-1024x239.png\" alt=\"\" class=\"wp-image-16324\" style=\"width:320px;height:auto\" srcset=\"https:\/\/havas.cz\/wp-content\/uploads\/2023\/12\/havasredlogo-red-and-black-rgb-1024x239.png 1024w, https:\/\/havas.cz\/wp-content\/uploads\/2023\/12\/havasredlogo-red-and-black-rgb-300x70.png 300w, https:\/\/havas.cz\/wp-content\/uploads\/2023\/12\/havasredlogo-red-and-black-rgb-768x179.png 768w, https:\/\/havas.cz\/wp-content\/uploads\/2023\/12\/havasredlogo-red-and-black-rgb-1536x358.png 1536w, https:\/\/havas.cz\/wp-content\/uploads\/2023\/12\/havasredlogo-red-and-black-rgb-2048x477.png 2048w\" sizes=\"auto, (max-width: 1024px) 100vw, 1024px\" \/><\/a><\/figure>\n<\/div>\n\n\n<p>At <a href=\"https:\/\/havasred.com\/\" target=\"_blank\" rel=\"noreferrer noopener\">HAVAS RED<\/a>, we specialize in crafting dynamic, impactful marketing campaigns that blend traditional marketing wisdom with the latest digital innovations, creating a&nbsp;unique synergy that propels brands to the forefront of their industries.&nbsp;<\/p>\n\n\n\n<p>The lines of contemporary communication have not just touched but merged. To consumers and customers, it\u2019s all one experience. That\u2019s why Havas Red set out to redefine communications through our world-first merged media model. Replicating the convergence of media consumption, we <strong>blend traditional and digital publishing, content, social media and data <\/strong>in a&nbsp;way that we believe defines the future of PR.&nbsp;&nbsp;<\/p>\n\n\n\n<p>Together, we break the boundaries of conventional marketing, pushing the limits of creativity to captivate and engage audiences in meaningful ways. We believe in storytelling that not only captures attention but also inspires action, driving tangible results for our clients.&nbsp;<\/p>\n\n\n\n<p>Join us at HAVAS RED, where we transform creative ideas into red-hot results. Together, let&#8217;s set the marketing world ablaze.&nbsp;<\/p>\n\n\n\n<figure class=\"wp-block-embed is-type-video is-provider-vimeo wp-block-embed-vimeo wp-embed-aspect-16-9 wp-has-aspect-ratio\"><div class=\"wp-block-embed__wrapper\">\n<div class=\"embed-responsive embed-responsive-16by9\"><iframe loading=\"lazy\" title=\"Havas RED Global Reel\" src=\"https:\/\/player.vimeo.com\/video\/895796663?h=fbdc09ebfe&amp;dnt=1&amp;app_id=122963\" width=\"500\" height=\"281\"  allow=\"autoplay; fullscreen; picture-in-picture; clipboard-write; encrypted-media; web-share\" referrerpolicy=\"strict-origin-when-cross-origin\"><\/iframe><\/div>\n<\/div><\/figure>\n","protected":false},"excerpt":{"rendered":"<p>Merged media and digital innovation. Boldly shaping the experiences of the future.\u00a0<\/p>\n","protected":false},"author":48,"featured_media":0,"parent":0,"menu_order":0,"comment_status":"closed","ping_status":"closed","template":"page-discipline.php","meta":{"footnotes":"","_links_to":"","_links_to_target":""},"class_list":["post-16320","page","type-page","status-publish","hentry"],"yoast_head":"<!-- This site is optimized with the Yoast SEO plugin v27.1.1 - https:\/\/yoast.com\/product\/yoast-seo-wordpress\/ -->\n<title>HAVAS Red - Havas Prague<\/title>\n<meta name=\"description\" content=\"HAVAS Red - Havas Prague We make brands famous through PR, social media and experiential.\" \/>\n<meta name=\"robots\" content=\"index, follow, max-snippet:-1, max-image-preview:large, max-video-preview:-1\" \/>\n<link rel=\"canonical\" href=\"https:\/\/havas.cz\/en\/havas-red\/\" \/>\n<meta property=\"og:locale\" content=\"en_US\" \/>\n<meta property=\"og:type\" content=\"article\" \/>\n<meta property=\"og:title\" content=\"HAVAS Red - Havas Prague\" \/>\n<meta property=\"og:description\" content=\"HAVAS Red - Havas Prague We make brands famous through PR, social media and experiential.\" \/>\n<meta property=\"og:url\" content=\"https:\/\/havas.cz\/en\/havas-red\/\" \/>\n<meta property=\"og:site_name\" content=\"Havas Prague\" \/>\n<meta property=\"article:modified_time\" content=\"2023-12-18T15:49:32+00:00\" \/>\n<meta property=\"og:image\" content=\"https:\/\/havas.cz\/wp-content\/uploads\/2023\/12\/havasredlogo-red-and-black-rgb-1024x239.png\" \/>\n<meta name=\"twitter:card\" content=\"summary_large_image\" \/>\n<meta name=\"twitter:label1\" content=\"Est. reading time\" \/>\n\t<meta name=\"twitter:data1\" content=\"2 minutes\" \/>\n<script type=\"application\/ld+json\" class=\"yoast-schema-graph\">{\"@context\":\"https:\/\/schema.org\",\"@graph\":[{\"@type\":\"WebPage\",\"@id\":\"https:\/\/havas.cz\/en\/havas-red\/\",\"url\":\"https:\/\/havas.cz\/en\/havas-red\/\",\"name\":\"HAVAS Red - Havas Prague\",\"isPartOf\":{\"@id\":\"https:\/\/havas.cz\/#website\"},\"primaryImageOfPage\":{\"@id\":\"https:\/\/havas.cz\/en\/havas-red\/#primaryimage\"},\"image\":{\"@id\":\"https:\/\/havas.cz\/en\/havas-red\/#primaryimage\"},\"thumbnailUrl\":\"https:\/\/havas.cz\/wp-content\/uploads\/2023\/12\/havasredlogo-red-and-black-rgb-1024x239.png\",\"datePublished\":\"2023-12-15T17:20:00+00:00\",\"dateModified\":\"2023-12-18T15:49:32+00:00\",\"description\":\"HAVAS Red - Havas Prague We make brands famous through PR, social media and experiential.\",\"breadcrumb\":{\"@id\":\"https:\/\/havas.cz\/en\/havas-red\/#breadcrumb\"},\"inLanguage\":\"en-US\",\"potentialAction\":[{\"@type\":\"ReadAction\",\"target\":[\"https:\/\/havas.cz\/en\/havas-red\/\"]}]},{\"@type\":\"ImageObject\",\"inLanguage\":\"en-US\",\"@id\":\"https:\/\/havas.cz\/en\/havas-red\/#primaryimage\",\"url\":\"https:\/\/havas.cz\/wp-content\/uploads\/2023\/12\/havasredlogo-red-and-black-rgb-1024x239.png\",\"contentUrl\":\"https:\/\/havas.cz\/wp-content\/uploads\/2023\/12\/havasredlogo-red-and-black-rgb-1024x239.png\"},{\"@type\":\"BreadcrumbList\",\"@id\":\"https:\/\/havas.cz\/en\/havas-red\/#breadcrumb\",\"itemListElement\":[{\"@type\":\"ListItem\",\"position\":1,\"name\":\"Dom\u016f\",\"item\":\"https:\/\/havas.cz\/en\/\"},{\"@type\":\"ListItem\",\"position\":2,\"name\":\"HAVAS Red\"}]},{\"@type\":\"WebSite\",\"@id\":\"https:\/\/havas.cz\/#website\",\"url\":\"https:\/\/havas.cz\/\",\"name\":\"Havas Prague\",\"description\":\"Agentura Havas Prague. Vytv\u00e1\u0159\u00edme smyslupln\u00e1 spojen\u00ed mezi zna\u010dkami a spot\u0159ebiteli.\",\"potentialAction\":[{\"@type\":\"SearchAction\",\"target\":{\"@type\":\"EntryPoint\",\"urlTemplate\":\"https:\/\/havas.cz\/?s={search_term_string}\"},\"query-input\":{\"@type\":\"PropertyValueSpecification\",\"valueRequired\":true,\"valueName\":\"search_term_string\"}}],\"inLanguage\":\"en-US\"}]}<\/script>\n<!-- \/ Yoast SEO plugin. -->","yoast_head_json":{"title":"HAVAS Red - Havas Prague","description":"HAVAS Red - Havas Prague We make brands famous through PR, social media and experiential.","robots":{"index":"index","follow":"follow","max-snippet":"max-snippet:-1","max-image-preview":"max-image-preview:large","max-video-preview":"max-video-preview:-1"},"canonical":"https:\/\/havas.cz\/en\/havas-red\/","og_locale":"en_US","og_type":"article","og_title":"HAVAS Red - Havas Prague","og_description":"HAVAS Red - Havas Prague We make brands famous through PR, social media and experiential.","og_url":"https:\/\/havas.cz\/en\/havas-red\/","og_site_name":"Havas Prague","article_modified_time":"2023-12-18T15:49:32+00:00","og_image":[{"url":"https:\/\/havas.cz\/wp-content\/uploads\/2023\/12\/havasredlogo-red-and-black-rgb-1024x239.png","type":"","width":"","height":""}],"twitter_card":"summary_large_image","twitter_misc":{"Est. reading time":"2 minutes"},"schema":{"@context":"https:\/\/schema.org","@graph":[{"@type":"WebPage","@id":"https:\/\/havas.cz\/en\/havas-red\/","url":"https:\/\/havas.cz\/en\/havas-red\/","name":"HAVAS Red - Havas Prague","isPartOf":{"@id":"https:\/\/havas.cz\/#website"},"primaryImageOfPage":{"@id":"https:\/\/havas.cz\/en\/havas-red\/#primaryimage"},"image":{"@id":"https:\/\/havas.cz\/en\/havas-red\/#primaryimage"},"thumbnailUrl":"https:\/\/havas.cz\/wp-content\/uploads\/2023\/12\/havasredlogo-red-and-black-rgb-1024x239.png","datePublished":"2023-12-15T17:20:00+00:00","dateModified":"2023-12-18T15:49:32+00:00","description":"HAVAS Red - Havas Prague We make brands famous through PR, social media and experiential.","breadcrumb":{"@id":"https:\/\/havas.cz\/en\/havas-red\/#breadcrumb"},"inLanguage":"en-US","potentialAction":[{"@type":"ReadAction","target":["https:\/\/havas.cz\/en\/havas-red\/"]}]},{"@type":"ImageObject","inLanguage":"en-US","@id":"https:\/\/havas.cz\/en\/havas-red\/#primaryimage","url":"https:\/\/havas.cz\/wp-content\/uploads\/2023\/12\/havasredlogo-red-and-black-rgb-1024x239.png","contentUrl":"https:\/\/havas.cz\/wp-content\/uploads\/2023\/12\/havasredlogo-red-and-black-rgb-1024x239.png"},{"@type":"BreadcrumbList","@id":"https:\/\/havas.cz\/en\/havas-red\/#breadcrumb","itemListElement":[{"@type":"ListItem","position":1,"name":"Dom\u016f","item":"https:\/\/havas.cz\/en\/"},{"@type":"ListItem","position":2,"name":"HAVAS Red"}]},{"@type":"WebSite","@id":"https:\/\/havas.cz\/#website","url":"https:\/\/havas.cz\/","name":"Havas Prague","description":"Agentura Havas Prague. Vytv\u00e1\u0159\u00edme smyslupln\u00e1 spojen\u00ed mezi zna\u010dkami a spot\u0159ebiteli.","potentialAction":[{"@type":"SearchAction","target":{"@type":"EntryPoint","urlTemplate":"https:\/\/havas.cz\/?s={search_term_string}"},"query-input":{"@type":"PropertyValueSpecification","valueRequired":true,"valueName":"search_term_string"}}],"inLanguage":"en-US"}]}},"_links":{"self":[{"href":"https:\/\/havas.cz\/en\/wp-json\/wp\/v2\/pages\/16320","targetHints":{"allow":["GET"]}}],"collection":[{"href":"https:\/\/havas.cz\/en\/wp-json\/wp\/v2\/pages"}],"about":[{"href":"https:\/\/havas.cz\/en\/wp-json\/wp\/v2\/types\/page"}],"author":[{"embeddable":true,"href":"https:\/\/havas.cz\/en\/wp-json\/wp\/v2\/users\/48"}],"replies":[{"embeddable":true,"href":"https:\/\/havas.cz\/en\/wp-json\/wp\/v2\/comments?post=16320"}],"version-history":[{"count":12,"href":"https:\/\/havas.cz\/en\/wp-json\/wp\/v2\/pages\/16320\/revisions"}],"predecessor-version":[{"id":16339,"href":"https:\/\/havas.cz\/en\/wp-json\/wp\/v2\/pages\/16320\/revisions\/16339"}],"wp:attachment":[{"href":"https:\/\/havas.cz\/en\/wp-json\/wp\/v2\/media?parent=16320"}],"curies":[{"name":"wp","href":"https:\/\/api.w.org\/{rel}","templated":true}]}}