{"id":2136,"date":"2018-10-23T19:03:48","date_gmt":"2018-10-23T17:03:48","guid":{"rendered":"https:\/\/havas.cz\/?page_id=2136"},"modified":"2023-11-15T14:33:04","modified_gmt":"2023-11-15T13:33:04","slug":"havas-consulting","status":"publish","type":"page","link":"https:\/\/havas.cz\/en\/agency\/havas-consulting\/","title":{"rendered":"Havas Consulting"},"content":{"rendered":"<p>Havas Consulting offers industry specific expertise to business and organisations that face market or operational challenges that extend beyond a&nbsp;company\u2019s own internal know-how, resources or collective skill-set.<\/p>\n<p>In consultation with our clients, and in accordance with prevailing best practices, we provide strategy, guidance and, importantly, actionable solutions to the company\u2019s short-, medium- and long-term needs.<\/p>\n","protected":false},"excerpt":{"rendered":"<p>Today, many brands and organizations are facing a two-fold challenge: not only in how to permanently adapt to a quickly changing environment that includes a new breed of consumers, but also in creating a strong internal buy-in, motivating the staff and generating a true sense of belonging.<\/p>\n","protected":false},"author":1,"featured_media":0,"parent":291,"menu_order":3,"comment_status":"closed","ping_status":"closed","template":"page-discipline.php","meta":{"footnotes":"","_links_to":"","_links_to_target":""},"class_list":["post-2136","page","type-page","status-publish","hentry"],"yoast_head":"<!-- This site is optimized with the Yoast SEO plugin v27.1.1 - https:\/\/yoast.com\/product\/yoast-seo-wordpress\/ -->\n<title>Havas Consulting - Havas Prague<\/title>\n<meta name=\"description\" content=\"Havas Consulting - Havas Prague\" \/>\n<meta name=\"robots\" content=\"index, follow, max-snippet:-1, max-image-preview:large, max-video-preview:-1\" \/>\n<link rel=\"canonical\" href=\"https:\/\/havas.cz\/en\/agency\/havas-consulting\/\" \/>\n<meta property=\"og:locale\" content=\"en_US\" \/>\n<meta property=\"og:type\" content=\"article\" \/>\n<meta property=\"og:title\" content=\"Havas Consulting - Havas Prague\" \/>\n<meta property=\"og:description\" content=\"Havas Consulting - Havas Prague\" \/>\n<meta property=\"og:url\" content=\"https:\/\/havas.cz\/en\/agency\/havas-consulting\/\" \/>\n<meta property=\"og:site_name\" content=\"Havas Prague\" \/>\n<meta property=\"article:modified_time\" content=\"2023-11-15T13:33:04+00:00\" \/>\n<meta name=\"twitter:card\" content=\"summary_large_image\" \/>\n<script type=\"application\/ld+json\" class=\"yoast-schema-graph\">{\"@context\":\"https:\/\/schema.org\",\"@graph\":[{\"@type\":\"WebPage\",\"@id\":\"https:\/\/havas.cz\/en\/agency\/havas-consulting\/\",\"url\":\"https:\/\/havas.cz\/en\/agency\/havas-consulting\/\",\"name\":\"Havas Consulting - Havas Prague\",\"isPartOf\":{\"@id\":\"https:\/\/havas.cz\/#website\"},\"datePublished\":\"2018-10-23T17:03:48+00:00\",\"dateModified\":\"2023-11-15T13:33:04+00:00\",\"description\":\"Havas Consulting - Havas Prague\",\"breadcrumb\":{\"@id\":\"https:\/\/havas.cz\/en\/agency\/havas-consulting\/#breadcrumb\"},\"inLanguage\":\"en-US\",\"potentialAction\":[{\"@type\":\"ReadAction\",\"target\":[\"https:\/\/havas.cz\/en\/agency\/havas-consulting\/\"]}]},{\"@type\":\"BreadcrumbList\",\"@id\":\"https:\/\/havas.cz\/en\/agency\/havas-consulting\/#breadcrumb\",\"itemListElement\":[{\"@type\":\"ListItem\",\"position\":1,\"name\":\"Dom\u016f\",\"item\":\"https:\/\/havas.cz\/en\/\"},{\"@type\":\"ListItem\",\"position\":2,\"name\":\"Agency\",\"item\":\"https:\/\/havas.cz\/en\/agency\/\"},{\"@type\":\"ListItem\",\"position\":3,\"name\":\"Havas Consulting\"}]},{\"@type\":\"WebSite\",\"@id\":\"https:\/\/havas.cz\/#website\",\"url\":\"https:\/\/havas.cz\/\",\"name\":\"Havas Prague\",\"description\":\"Agentura Havas Prague. Vytv\u00e1\u0159\u00edme smyslupln\u00e1 spojen\u00ed mezi zna\u010dkami a spot\u0159ebiteli.\",\"potentialAction\":[{\"@type\":\"SearchAction\",\"target\":{\"@type\":\"EntryPoint\",\"urlTemplate\":\"https:\/\/havas.cz\/?s={search_term_string}\"},\"query-input\":{\"@type\":\"PropertyValueSpecification\",\"valueRequired\":true,\"valueName\":\"search_term_string\"}}],\"inLanguage\":\"en-US\"}]}<\/script>\n<!-- \/ Yoast SEO plugin. -->","yoast_head_json":{"title":"Havas Consulting - Havas Prague","description":"Havas Consulting - Havas Prague","robots":{"index":"index","follow":"follow","max-snippet":"max-snippet:-1","max-image-preview":"max-image-preview:large","max-video-preview":"max-video-preview:-1"},"canonical":"https:\/\/havas.cz\/en\/agency\/havas-consulting\/","og_locale":"en_US","og_type":"article","og_title":"Havas Consulting - Havas Prague","og_description":"Havas Consulting - Havas Prague","og_url":"https:\/\/havas.cz\/en\/agency\/havas-consulting\/","og_site_name":"Havas Prague","article_modified_time":"2023-11-15T13:33:04+00:00","twitter_card":"summary_large_image","schema":{"@context":"https:\/\/schema.org","@graph":[{"@type":"WebPage","@id":"https:\/\/havas.cz\/en\/agency\/havas-consulting\/","url":"https:\/\/havas.cz\/en\/agency\/havas-consulting\/","name":"Havas Consulting - Havas Prague","isPartOf":{"@id":"https:\/\/havas.cz\/#website"},"datePublished":"2018-10-23T17:03:48+00:00","dateModified":"2023-11-15T13:33:04+00:00","description":"Havas Consulting - Havas Prague","breadcrumb":{"@id":"https:\/\/havas.cz\/en\/agency\/havas-consulting\/#breadcrumb"},"inLanguage":"en-US","potentialAction":[{"@type":"ReadAction","target":["https:\/\/havas.cz\/en\/agency\/havas-consulting\/"]}]},{"@type":"BreadcrumbList","@id":"https:\/\/havas.cz\/en\/agency\/havas-consulting\/#breadcrumb","itemListElement":[{"@type":"ListItem","position":1,"name":"Dom\u016f","item":"https:\/\/havas.cz\/en\/"},{"@type":"ListItem","position":2,"name":"Agency","item":"https:\/\/havas.cz\/en\/agency\/"},{"@type":"ListItem","position":3,"name":"Havas Consulting"}]},{"@type":"WebSite","@id":"https:\/\/havas.cz\/#website","url":"https:\/\/havas.cz\/","name":"Havas Prague","description":"Agentura Havas Prague. Vytv\u00e1\u0159\u00edme smyslupln\u00e1 spojen\u00ed mezi zna\u010dkami a spot\u0159ebiteli.","potentialAction":[{"@type":"SearchAction","target":{"@type":"EntryPoint","urlTemplate":"https:\/\/havas.cz\/?s={search_term_string}"},"query-input":{"@type":"PropertyValueSpecification","valueRequired":true,"valueName":"search_term_string"}}],"inLanguage":"en-US"}]}},"_links":{"self":[{"href":"https:\/\/havas.cz\/en\/wp-json\/wp\/v2\/pages\/2136","targetHints":{"allow":["GET"]}}],"collection":[{"href":"https:\/\/havas.cz\/en\/wp-json\/wp\/v2\/pages"}],"about":[{"href":"https:\/\/havas.cz\/en\/wp-json\/wp\/v2\/types\/page"}],"author":[{"embeddable":true,"href":"https:\/\/havas.cz\/en\/wp-json\/wp\/v2\/users\/1"}],"replies":[{"embeddable":true,"href":"https:\/\/havas.cz\/en\/wp-json\/wp\/v2\/comments?post=2136"}],"version-history":[{"count":0,"href":"https:\/\/havas.cz\/en\/wp-json\/wp\/v2\/pages\/2136\/revisions"}],"up":[{"embeddable":true,"href":"https:\/\/havas.cz\/en\/wp-json\/wp\/v2\/pages\/291"}],"wp:attachment":[{"href":"https:\/\/havas.cz\/en\/wp-json\/wp\/v2\/media?parent=2136"}],"curies":[{"name":"wp","href":"https:\/\/api.w.org\/{rel}","templated":true}]}}