{"id":2138,"date":"2018-10-23T19:21:04","date_gmt":"2018-10-23T17:21:04","guid":{"rendered":"https:\/\/havas.cz\/?page_id=2138"},"modified":"2023-11-10T11:31:25","modified_gmt":"2023-11-10T10:31:25","slug":"havas-digital","status":"publish","type":"page","link":"https:\/\/havas.cz\/en\/agency\/havas-digital\/","title":{"rendered":"Havas Digital"},"content":{"rendered":"\r\n<p>Companies struggle to keep up with constant and accelerating changes in online communication paradigms. The shift to social media driven communication has caused a&nbsp;never-ending race to fit the algorithms of evolving platforms.<\/p>\r\n\r\n\r\n\r\n<figure class=\"wp-block-image size-large fullwidth\"><a href=\"https:\/\/havas.cz\/wp-content\/uploads\/2023\/10\/hp-footer-bg.jpg\" rel=\"lightbox\" ><img loading=\"lazy\" decoding=\"async\" width=\"1024\" height=\"452\" src=\"https:\/\/havas.cz\/wp-content\/uploads\/2023\/10\/hp-footer-bg-1024x452.jpg\" alt=\"\" class=\"wp-image-15951\" srcset=\"https:\/\/havas.cz\/wp-content\/uploads\/2023\/10\/hp-footer-bg-1024x452.jpg 1024w, https:\/\/havas.cz\/wp-content\/uploads\/2023\/10\/hp-footer-bg-300x132.jpg 300w, https:\/\/havas.cz\/wp-content\/uploads\/2023\/10\/hp-footer-bg-768x339.jpg 768w, https:\/\/havas.cz\/wp-content\/uploads\/2023\/10\/hp-footer-bg.jpg 1428w\" sizes=\"auto, (max-width: 1024px) 100vw, 1024px\" \/><\/a><\/figure>\r\n\r\n\r\n\r\n<p>We offer to our clients a&nbsp;constantly self-learning platform that allows to seamlessly manage communities, prepare and launch integrated digital solutions and innovate based on data driven insights. We have both local and global experience with assembling together the puzzle of digital, social media and content creation to create impactful campaigns.<\/p>\r\n\r\n\r\n\r\n<p>Our digital team loves creating original online campaigns and engaging brand stories to foster meaningful connections and deliver real results for your business.&nbsp;Havas Digital brings vivid campaigns in every single pixel of work, making it one of our most frequently awarded teams (Effies, Golden Drum, Lovies, Czech ADC Awards, IMC Czech Awards).<\/p>\r\n","protected":false},"excerpt":{"rendered":"<p>The world of marketing is progressive and fast changing, which calls for an innovative and flexible approach. Our personal and digital lives go hand in hand so strongly that our \u201creality\u201d is no longer separate from our existence in the digital world.<\/p>\n","protected":false},"author":1,"featured_media":118,"parent":291,"menu_order":4,"comment_status":"closed","ping_status":"closed","template":"page-discipline.php","meta":{"footnotes":"","_links_to":"","_links_to_target":""},"class_list":["post-2138","page","type-page","status-publish","has-post-thumbnail","hentry"],"yoast_head":"<!-- This site is optimized with the Yoast SEO plugin v27.1.1 - https:\/\/yoast.com\/product\/yoast-seo-wordpress\/ -->\n<title>Havas Digital - Havas Prague<\/title>\n<meta name=\"description\" content=\"Havas Digital - Havas Prague\" \/>\n<meta name=\"robots\" content=\"index, follow, max-snippet:-1, max-image-preview:large, max-video-preview:-1\" \/>\n<link rel=\"canonical\" href=\"https:\/\/havas.cz\/en\/agency\/havas-digital\/\" \/>\n<meta property=\"og:locale\" content=\"en_US\" \/>\n<meta property=\"og:type\" content=\"article\" \/>\n<meta property=\"og:title\" content=\"Havas Digital - Havas Prague\" \/>\n<meta property=\"og:description\" content=\"Havas Digital - Havas Prague\" \/>\n<meta property=\"og:url\" content=\"https:\/\/havas.cz\/en\/agency\/havas-digital\/\" \/>\n<meta property=\"og:site_name\" content=\"Havas Prague\" \/>\n<meta property=\"article:modified_time\" content=\"2023-11-10T10:31:25+00:00\" \/>\n<meta property=\"og:image\" content=\"https:\/\/havas.cz\/wp-content\/uploads\/2018\/08\/pexels-photo-212324-1024x683.jpeg\" \/>\n\t<meta property=\"og:image:width\" content=\"1024\" \/>\n\t<meta property=\"og:image:height\" content=\"683\" \/>\n\t<meta property=\"og:image:type\" content=\"image\/jpeg\" \/>\n<meta name=\"twitter:card\" content=\"summary_large_image\" \/>\n<meta name=\"twitter:label1\" content=\"Est. reading time\" \/>\n\t<meta name=\"twitter:data1\" content=\"1 minute\" \/>\n<script type=\"application\/ld+json\" class=\"yoast-schema-graph\">{\"@context\":\"https:\/\/schema.org\",\"@graph\":[{\"@type\":\"WebPage\",\"@id\":\"https:\/\/havas.cz\/en\/agency\/havas-digital\/\",\"url\":\"https:\/\/havas.cz\/en\/agency\/havas-digital\/\",\"name\":\"Havas Digital - Havas Prague\",\"isPartOf\":{\"@id\":\"https:\/\/havas.cz\/#website\"},\"primaryImageOfPage\":{\"@id\":\"https:\/\/havas.cz\/en\/agency\/havas-digital\/#primaryimage\"},\"image\":{\"@id\":\"https:\/\/havas.cz\/en\/agency\/havas-digital\/#primaryimage\"},\"thumbnailUrl\":\"https:\/\/havas.cz\/wp-content\/uploads\/2018\/08\/pexels-photo-212324.jpeg\",\"datePublished\":\"2018-10-23T17:21:04+00:00\",\"dateModified\":\"2023-11-10T10:31:25+00:00\",\"description\":\"Havas Digital - Havas Prague\",\"breadcrumb\":{\"@id\":\"https:\/\/havas.cz\/en\/agency\/havas-digital\/#breadcrumb\"},\"inLanguage\":\"en-US\",\"potentialAction\":[{\"@type\":\"ReadAction\",\"target\":[\"https:\/\/havas.cz\/en\/agency\/havas-digital\/\"]}]},{\"@type\":\"ImageObject\",\"inLanguage\":\"en-US\",\"@id\":\"https:\/\/havas.cz\/en\/agency\/havas-digital\/#primaryimage\",\"url\":\"https:\/\/havas.cz\/wp-content\/uploads\/2018\/08\/pexels-photo-212324.jpeg\",\"contentUrl\":\"https:\/\/havas.cz\/wp-content\/uploads\/2018\/08\/pexels-photo-212324.jpeg\",\"width\":3600,\"height\":2400},{\"@type\":\"BreadcrumbList\",\"@id\":\"https:\/\/havas.cz\/en\/agency\/havas-digital\/#breadcrumb\",\"itemListElement\":[{\"@type\":\"ListItem\",\"position\":1,\"name\":\"Dom\u016f\",\"item\":\"https:\/\/havas.cz\/en\/\"},{\"@type\":\"ListItem\",\"position\":2,\"name\":\"Agency\",\"item\":\"https:\/\/havas.cz\/en\/agency\/\"},{\"@type\":\"ListItem\",\"position\":3,\"name\":\"Havas Digital\"}]},{\"@type\":\"WebSite\",\"@id\":\"https:\/\/havas.cz\/#website\",\"url\":\"https:\/\/havas.cz\/\",\"name\":\"Havas Prague\",\"description\":\"Agentura Havas Prague. Vytv\u00e1\u0159\u00edme smyslupln\u00e1 spojen\u00ed mezi zna\u010dkami a spot\u0159ebiteli.\",\"potentialAction\":[{\"@type\":\"SearchAction\",\"target\":{\"@type\":\"EntryPoint\",\"urlTemplate\":\"https:\/\/havas.cz\/?s={search_term_string}\"},\"query-input\":{\"@type\":\"PropertyValueSpecification\",\"valueRequired\":true,\"valueName\":\"search_term_string\"}}],\"inLanguage\":\"en-US\"}]}<\/script>\n<!-- \/ Yoast SEO plugin. -->","yoast_head_json":{"title":"Havas Digital - Havas Prague","description":"Havas Digital - Havas Prague","robots":{"index":"index","follow":"follow","max-snippet":"max-snippet:-1","max-image-preview":"max-image-preview:large","max-video-preview":"max-video-preview:-1"},"canonical":"https:\/\/havas.cz\/en\/agency\/havas-digital\/","og_locale":"en_US","og_type":"article","og_title":"Havas Digital - Havas Prague","og_description":"Havas Digital - Havas Prague","og_url":"https:\/\/havas.cz\/en\/agency\/havas-digital\/","og_site_name":"Havas Prague","article_modified_time":"2023-11-10T10:31:25+00:00","og_image":[{"width":1024,"height":683,"url":"https:\/\/havas.cz\/wp-content\/uploads\/2018\/08\/pexels-photo-212324-1024x683.jpeg","type":"image\/jpeg"}],"twitter_card":"summary_large_image","twitter_misc":{"Est. reading time":"1 minute"},"schema":{"@context":"https:\/\/schema.org","@graph":[{"@type":"WebPage","@id":"https:\/\/havas.cz\/en\/agency\/havas-digital\/","url":"https:\/\/havas.cz\/en\/agency\/havas-digital\/","name":"Havas Digital - Havas Prague","isPartOf":{"@id":"https:\/\/havas.cz\/#website"},"primaryImageOfPage":{"@id":"https:\/\/havas.cz\/en\/agency\/havas-digital\/#primaryimage"},"image":{"@id":"https:\/\/havas.cz\/en\/agency\/havas-digital\/#primaryimage"},"thumbnailUrl":"https:\/\/havas.cz\/wp-content\/uploads\/2018\/08\/pexels-photo-212324.jpeg","datePublished":"2018-10-23T17:21:04+00:00","dateModified":"2023-11-10T10:31:25+00:00","description":"Havas Digital - Havas Prague","breadcrumb":{"@id":"https:\/\/havas.cz\/en\/agency\/havas-digital\/#breadcrumb"},"inLanguage":"en-US","potentialAction":[{"@type":"ReadAction","target":["https:\/\/havas.cz\/en\/agency\/havas-digital\/"]}]},{"@type":"ImageObject","inLanguage":"en-US","@id":"https:\/\/havas.cz\/en\/agency\/havas-digital\/#primaryimage","url":"https:\/\/havas.cz\/wp-content\/uploads\/2018\/08\/pexels-photo-212324.jpeg","contentUrl":"https:\/\/havas.cz\/wp-content\/uploads\/2018\/08\/pexels-photo-212324.jpeg","width":3600,"height":2400},{"@type":"BreadcrumbList","@id":"https:\/\/havas.cz\/en\/agency\/havas-digital\/#breadcrumb","itemListElement":[{"@type":"ListItem","position":1,"name":"Dom\u016f","item":"https:\/\/havas.cz\/en\/"},{"@type":"ListItem","position":2,"name":"Agency","item":"https:\/\/havas.cz\/en\/agency\/"},{"@type":"ListItem","position":3,"name":"Havas Digital"}]},{"@type":"WebSite","@id":"https:\/\/havas.cz\/#website","url":"https:\/\/havas.cz\/","name":"Havas Prague","description":"Agentura Havas Prague. Vytv\u00e1\u0159\u00edme smyslupln\u00e1 spojen\u00ed mezi zna\u010dkami a spot\u0159ebiteli.","potentialAction":[{"@type":"SearchAction","target":{"@type":"EntryPoint","urlTemplate":"https:\/\/havas.cz\/?s={search_term_string}"},"query-input":{"@type":"PropertyValueSpecification","valueRequired":true,"valueName":"search_term_string"}}],"inLanguage":"en-US"}]}},"_links":{"self":[{"href":"https:\/\/havas.cz\/en\/wp-json\/wp\/v2\/pages\/2138","targetHints":{"allow":["GET"]}}],"collection":[{"href":"https:\/\/havas.cz\/en\/wp-json\/wp\/v2\/pages"}],"about":[{"href":"https:\/\/havas.cz\/en\/wp-json\/wp\/v2\/types\/page"}],"author":[{"embeddable":true,"href":"https:\/\/havas.cz\/en\/wp-json\/wp\/v2\/users\/1"}],"replies":[{"embeddable":true,"href":"https:\/\/havas.cz\/en\/wp-json\/wp\/v2\/comments?post=2138"}],"version-history":[{"count":0,"href":"https:\/\/havas.cz\/en\/wp-json\/wp\/v2\/pages\/2138\/revisions"}],"up":[{"embeddable":true,"href":"https:\/\/havas.cz\/en\/wp-json\/wp\/v2\/pages\/291"}],"wp:featuredmedia":[{"embeddable":true,"href":"https:\/\/havas.cz\/en\/wp-json\/wp\/v2\/media\/118"}],"wp:attachment":[{"href":"https:\/\/havas.cz\/en\/wp-json\/wp\/v2\/media?parent=2138"}],"curies":[{"name":"wp","href":"https:\/\/api.w.org\/{rel}","templated":true}]}}