{"id":2141,"date":"2018-10-23T19:24:24","date_gmt":"2018-10-23T17:24:24","guid":{"rendered":"https:\/\/havas.cz\/?page_id=2141"},"modified":"2023-11-15T14:34:40","modified_gmt":"2023-11-15T13:34:40","slug":"havas-events","status":"publish","type":"page","link":"https:\/\/havas.cz\/en\/agency\/havas-events\/","title":{"rendered":"Havas Events"},"content":{"rendered":"<p>Havas Events is in the business of creating meaningful brand experiences that entertain, inform and engage.<\/p>\n<p>We believe that bringing people together to network and share emotions and new experiences is the best way to build relationships with new and existing customers and support brand outreach.<\/p>\n<p>Our location in Forum Karlin puts us in the unique position of having prime access to one of Prague\u2019s premiere event spaces.<\/p>\n<p>Do you want to plan an unforgettable event? Email to <a href=\"mailto:bestvenue@havas.cz\">bestvenue@havas.cz<\/a>.<\/p>\n","protected":false},"excerpt":{"rendered":"<p>Events in Forum Karl\u00edn are an ideal way of creating a meaningful connection between people and your brand. <\/p>\n","protected":false},"author":1,"featured_media":0,"parent":291,"menu_order":5,"comment_status":"closed","ping_status":"closed","template":"page-discipline.php","meta":{"footnotes":"","_links_to":"","_links_to_target":""},"class_list":["post-2141","page","type-page","status-publish","hentry"],"yoast_head":"<!-- This site is optimized with the Yoast SEO plugin v27.1.1 - https:\/\/yoast.com\/product\/yoast-seo-wordpress\/ -->\n<title>Havas Events - Havas Prague<\/title>\n<meta name=\"description\" content=\"Havas Events - Havas Prague\" \/>\n<meta name=\"robots\" content=\"index, follow, max-snippet:-1, max-image-preview:large, max-video-preview:-1\" \/>\n<link rel=\"canonical\" href=\"https:\/\/havas.cz\/en\/agency\/havas-events\/\" \/>\n<meta property=\"og:locale\" content=\"en_US\" \/>\n<meta property=\"og:type\" content=\"article\" \/>\n<meta property=\"og:title\" content=\"Havas Events - Havas Prague\" \/>\n<meta property=\"og:description\" content=\"Havas Events - Havas Prague\" \/>\n<meta property=\"og:url\" content=\"https:\/\/havas.cz\/en\/agency\/havas-events\/\" \/>\n<meta property=\"og:site_name\" content=\"Havas Prague\" \/>\n<meta property=\"article:modified_time\" content=\"2023-11-15T13:34:40+00:00\" \/>\n<meta name=\"twitter:card\" content=\"summary_large_image\" \/>\n<script type=\"application\/ld+json\" class=\"yoast-schema-graph\">{\"@context\":\"https:\/\/schema.org\",\"@graph\":[{\"@type\":\"WebPage\",\"@id\":\"https:\/\/havas.cz\/en\/agency\/havas-events\/\",\"url\":\"https:\/\/havas.cz\/en\/agency\/havas-events\/\",\"name\":\"Havas Events - Havas Prague\",\"isPartOf\":{\"@id\":\"https:\/\/havas.cz\/#website\"},\"datePublished\":\"2018-10-23T17:24:24+00:00\",\"dateModified\":\"2023-11-15T13:34:40+00:00\",\"description\":\"Havas Events - Havas Prague\",\"breadcrumb\":{\"@id\":\"https:\/\/havas.cz\/en\/agency\/havas-events\/#breadcrumb\"},\"inLanguage\":\"en-US\",\"potentialAction\":[{\"@type\":\"ReadAction\",\"target\":[\"https:\/\/havas.cz\/en\/agency\/havas-events\/\"]}]},{\"@type\":\"BreadcrumbList\",\"@id\":\"https:\/\/havas.cz\/en\/agency\/havas-events\/#breadcrumb\",\"itemListElement\":[{\"@type\":\"ListItem\",\"position\":1,\"name\":\"Dom\u016f\",\"item\":\"https:\/\/havas.cz\/en\/\"},{\"@type\":\"ListItem\",\"position\":2,\"name\":\"Agency\",\"item\":\"https:\/\/havas.cz\/en\/agency\/\"},{\"@type\":\"ListItem\",\"position\":3,\"name\":\"Havas Events\"}]},{\"@type\":\"WebSite\",\"@id\":\"https:\/\/havas.cz\/#website\",\"url\":\"https:\/\/havas.cz\/\",\"name\":\"Havas Prague\",\"description\":\"Agentura Havas Prague. Vytv\u00e1\u0159\u00edme smyslupln\u00e1 spojen\u00ed mezi zna\u010dkami a spot\u0159ebiteli.\",\"potentialAction\":[{\"@type\":\"SearchAction\",\"target\":{\"@type\":\"EntryPoint\",\"urlTemplate\":\"https:\/\/havas.cz\/?s={search_term_string}\"},\"query-input\":{\"@type\":\"PropertyValueSpecification\",\"valueRequired\":true,\"valueName\":\"search_term_string\"}}],\"inLanguage\":\"en-US\"}]}<\/script>\n<!-- \/ Yoast SEO plugin. -->","yoast_head_json":{"title":"Havas Events - Havas Prague","description":"Havas Events - Havas Prague","robots":{"index":"index","follow":"follow","max-snippet":"max-snippet:-1","max-image-preview":"max-image-preview:large","max-video-preview":"max-video-preview:-1"},"canonical":"https:\/\/havas.cz\/en\/agency\/havas-events\/","og_locale":"en_US","og_type":"article","og_title":"Havas Events - Havas Prague","og_description":"Havas Events - Havas Prague","og_url":"https:\/\/havas.cz\/en\/agency\/havas-events\/","og_site_name":"Havas Prague","article_modified_time":"2023-11-15T13:34:40+00:00","twitter_card":"summary_large_image","schema":{"@context":"https:\/\/schema.org","@graph":[{"@type":"WebPage","@id":"https:\/\/havas.cz\/en\/agency\/havas-events\/","url":"https:\/\/havas.cz\/en\/agency\/havas-events\/","name":"Havas Events - Havas Prague","isPartOf":{"@id":"https:\/\/havas.cz\/#website"},"datePublished":"2018-10-23T17:24:24+00:00","dateModified":"2023-11-15T13:34:40+00:00","description":"Havas Events - Havas Prague","breadcrumb":{"@id":"https:\/\/havas.cz\/en\/agency\/havas-events\/#breadcrumb"},"inLanguage":"en-US","potentialAction":[{"@type":"ReadAction","target":["https:\/\/havas.cz\/en\/agency\/havas-events\/"]}]},{"@type":"BreadcrumbList","@id":"https:\/\/havas.cz\/en\/agency\/havas-events\/#breadcrumb","itemListElement":[{"@type":"ListItem","position":1,"name":"Dom\u016f","item":"https:\/\/havas.cz\/en\/"},{"@type":"ListItem","position":2,"name":"Agency","item":"https:\/\/havas.cz\/en\/agency\/"},{"@type":"ListItem","position":3,"name":"Havas Events"}]},{"@type":"WebSite","@id":"https:\/\/havas.cz\/#website","url":"https:\/\/havas.cz\/","name":"Havas Prague","description":"Agentura Havas Prague. Vytv\u00e1\u0159\u00edme smyslupln\u00e1 spojen\u00ed mezi zna\u010dkami a spot\u0159ebiteli.","potentialAction":[{"@type":"SearchAction","target":{"@type":"EntryPoint","urlTemplate":"https:\/\/havas.cz\/?s={search_term_string}"},"query-input":{"@type":"PropertyValueSpecification","valueRequired":true,"valueName":"search_term_string"}}],"inLanguage":"en-US"}]}},"_links":{"self":[{"href":"https:\/\/havas.cz\/en\/wp-json\/wp\/v2\/pages\/2141","targetHints":{"allow":["GET"]}}],"collection":[{"href":"https:\/\/havas.cz\/en\/wp-json\/wp\/v2\/pages"}],"about":[{"href":"https:\/\/havas.cz\/en\/wp-json\/wp\/v2\/types\/page"}],"author":[{"embeddable":true,"href":"https:\/\/havas.cz\/en\/wp-json\/wp\/v2\/users\/1"}],"replies":[{"embeddable":true,"href":"https:\/\/havas.cz\/en\/wp-json\/wp\/v2\/comments?post=2141"}],"version-history":[{"count":0,"href":"https:\/\/havas.cz\/en\/wp-json\/wp\/v2\/pages\/2141\/revisions"}],"up":[{"embeddable":true,"href":"https:\/\/havas.cz\/en\/wp-json\/wp\/v2\/pages\/291"}],"wp:attachment":[{"href":"https:\/\/havas.cz\/en\/wp-json\/wp\/v2\/media?parent=2141"}],"curies":[{"name":"wp","href":"https:\/\/api.w.org\/{rel}","templated":true}]}}