{"id":2143,"date":"2018-10-23T19:24:56","date_gmt":"2018-10-23T17:24:56","guid":{"rendered":"https:\/\/havas.cz\/?page_id=2143"},"modified":"2023-11-10T11:32:05","modified_gmt":"2023-11-10T10:32:05","slug":"havas-pr","status":"publish","type":"page","link":"https:\/\/havas.cz\/en\/agency\/havas-pr\/","title":{"rendered":"Havas PR"},"content":{"rendered":"<p><em>Our campaigns are designed to percolate editorial and social channels simultaneously, creating a&nbsp;multiplier effect and generating social momentum. Social and editorial worlds are closely interlinked. There should be a&nbsp;term connecting these two words\u2026 what about socioeditorial?<\/em><\/p>\n<p>At Havas PR in Prague, effective public relations and corporate communications go beyond advancing corporate reputation and building brand equity. We help our clients to identify and understand their most critical audiences and stakeholders &#8211; and then we use the power of the media, internet, and other communication channels to prompt the key influencers within these communities to shape their opinions, change their behaviors, create a&nbsp;call to action, or build a&nbsp;network of allies.<\/p>\n<p>11 Czech PR Awards in categories New media, B2C, Industry, Services, Corporate publishing, CSR, and NGOs and public interest prove the versatility and effectiveness of our PR team.<\/p>\n<p>If you want to get your story told email to <a href=\"mailto:influence@havas.com\">influence@havas.com<\/a>.<\/p>\n","protected":false},"excerpt":{"rendered":"<p>An organization&#8217;s success depends on how well it communicates with its most influential audiences, whether they be in government circles, financial centers, the global marketplace, company plants, civil society, NGOs or newsrooms.<\/p>\n","protected":false},"author":1,"featured_media":0,"parent":291,"menu_order":6,"comment_status":"closed","ping_status":"closed","template":"page-discipline.php","meta":{"footnotes":"","_links_to":"","_links_to_target":""},"class_list":["post-2143","page","type-page","status-publish","hentry"],"yoast_head":"<!-- This site is optimized with the Yoast SEO plugin v27.1.1 - https:\/\/yoast.com\/product\/yoast-seo-wordpress\/ -->\n<title>Havas PR - Havas Prague<\/title>\n<meta name=\"description\" content=\"Havas PR - Havas Prague\" \/>\n<meta name=\"robots\" content=\"index, follow, max-snippet:-1, max-image-preview:large, max-video-preview:-1\" \/>\n<link rel=\"canonical\" href=\"https:\/\/havas.cz\/en\/agency\/havas-pr\/\" \/>\n<meta property=\"og:locale\" content=\"en_US\" \/>\n<meta property=\"og:type\" content=\"article\" \/>\n<meta property=\"og:title\" content=\"Havas PR - Havas Prague\" \/>\n<meta property=\"og:description\" content=\"Havas PR - Havas Prague\" \/>\n<meta property=\"og:url\" content=\"https:\/\/havas.cz\/en\/agency\/havas-pr\/\" \/>\n<meta property=\"og:site_name\" content=\"Havas Prague\" \/>\n<meta property=\"article:modified_time\" content=\"2023-11-10T10:32:05+00:00\" \/>\n<meta name=\"twitter:card\" content=\"summary_large_image\" \/>\n<meta name=\"twitter:label1\" content=\"Est. reading time\" \/>\n\t<meta name=\"twitter:data1\" content=\"1 minute\" \/>\n<script type=\"application\/ld+json\" class=\"yoast-schema-graph\">{\"@context\":\"https:\/\/schema.org\",\"@graph\":[{\"@type\":\"WebPage\",\"@id\":\"https:\/\/havas.cz\/en\/agency\/havas-pr\/\",\"url\":\"https:\/\/havas.cz\/en\/agency\/havas-pr\/\",\"name\":\"Havas PR - Havas Prague\",\"isPartOf\":{\"@id\":\"https:\/\/havas.cz\/#website\"},\"datePublished\":\"2018-10-23T17:24:56+00:00\",\"dateModified\":\"2023-11-10T10:32:05+00:00\",\"description\":\"Havas PR - Havas Prague\",\"breadcrumb\":{\"@id\":\"https:\/\/havas.cz\/en\/agency\/havas-pr\/#breadcrumb\"},\"inLanguage\":\"en-US\",\"potentialAction\":[{\"@type\":\"ReadAction\",\"target\":[\"https:\/\/havas.cz\/en\/agency\/havas-pr\/\"]}]},{\"@type\":\"BreadcrumbList\",\"@id\":\"https:\/\/havas.cz\/en\/agency\/havas-pr\/#breadcrumb\",\"itemListElement\":[{\"@type\":\"ListItem\",\"position\":1,\"name\":\"Dom\u016f\",\"item\":\"https:\/\/havas.cz\/en\/\"},{\"@type\":\"ListItem\",\"position\":2,\"name\":\"Agency\",\"item\":\"https:\/\/havas.cz\/en\/agency\/\"},{\"@type\":\"ListItem\",\"position\":3,\"name\":\"Havas PR\"}]},{\"@type\":\"WebSite\",\"@id\":\"https:\/\/havas.cz\/#website\",\"url\":\"https:\/\/havas.cz\/\",\"name\":\"Havas Prague\",\"description\":\"Agentura Havas Prague. Vytv\u00e1\u0159\u00edme smyslupln\u00e1 spojen\u00ed mezi zna\u010dkami a spot\u0159ebiteli.\",\"potentialAction\":[{\"@type\":\"SearchAction\",\"target\":{\"@type\":\"EntryPoint\",\"urlTemplate\":\"https:\/\/havas.cz\/?s={search_term_string}\"},\"query-input\":{\"@type\":\"PropertyValueSpecification\",\"valueRequired\":true,\"valueName\":\"search_term_string\"}}],\"inLanguage\":\"en-US\"}]}<\/script>\n<!-- \/ Yoast SEO plugin. -->","yoast_head_json":{"title":"Havas PR - Havas Prague","description":"Havas PR - Havas Prague","robots":{"index":"index","follow":"follow","max-snippet":"max-snippet:-1","max-image-preview":"max-image-preview:large","max-video-preview":"max-video-preview:-1"},"canonical":"https:\/\/havas.cz\/en\/agency\/havas-pr\/","og_locale":"en_US","og_type":"article","og_title":"Havas PR - Havas Prague","og_description":"Havas PR - Havas Prague","og_url":"https:\/\/havas.cz\/en\/agency\/havas-pr\/","og_site_name":"Havas Prague","article_modified_time":"2023-11-10T10:32:05+00:00","twitter_card":"summary_large_image","twitter_misc":{"Est. reading time":"1 minute"},"schema":{"@context":"https:\/\/schema.org","@graph":[{"@type":"WebPage","@id":"https:\/\/havas.cz\/en\/agency\/havas-pr\/","url":"https:\/\/havas.cz\/en\/agency\/havas-pr\/","name":"Havas PR - Havas Prague","isPartOf":{"@id":"https:\/\/havas.cz\/#website"},"datePublished":"2018-10-23T17:24:56+00:00","dateModified":"2023-11-10T10:32:05+00:00","description":"Havas PR - Havas Prague","breadcrumb":{"@id":"https:\/\/havas.cz\/en\/agency\/havas-pr\/#breadcrumb"},"inLanguage":"en-US","potentialAction":[{"@type":"ReadAction","target":["https:\/\/havas.cz\/en\/agency\/havas-pr\/"]}]},{"@type":"BreadcrumbList","@id":"https:\/\/havas.cz\/en\/agency\/havas-pr\/#breadcrumb","itemListElement":[{"@type":"ListItem","position":1,"name":"Dom\u016f","item":"https:\/\/havas.cz\/en\/"},{"@type":"ListItem","position":2,"name":"Agency","item":"https:\/\/havas.cz\/en\/agency\/"},{"@type":"ListItem","position":3,"name":"Havas PR"}]},{"@type":"WebSite","@id":"https:\/\/havas.cz\/#website","url":"https:\/\/havas.cz\/","name":"Havas Prague","description":"Agentura Havas Prague. Vytv\u00e1\u0159\u00edme smyslupln\u00e1 spojen\u00ed mezi zna\u010dkami a spot\u0159ebiteli.","potentialAction":[{"@type":"SearchAction","target":{"@type":"EntryPoint","urlTemplate":"https:\/\/havas.cz\/?s={search_term_string}"},"query-input":{"@type":"PropertyValueSpecification","valueRequired":true,"valueName":"search_term_string"}}],"inLanguage":"en-US"}]}},"_links":{"self":[{"href":"https:\/\/havas.cz\/en\/wp-json\/wp\/v2\/pages\/2143","targetHints":{"allow":["GET"]}}],"collection":[{"href":"https:\/\/havas.cz\/en\/wp-json\/wp\/v2\/pages"}],"about":[{"href":"https:\/\/havas.cz\/en\/wp-json\/wp\/v2\/types\/page"}],"author":[{"embeddable":true,"href":"https:\/\/havas.cz\/en\/wp-json\/wp\/v2\/users\/1"}],"replies":[{"embeddable":true,"href":"https:\/\/havas.cz\/en\/wp-json\/wp\/v2\/comments?post=2143"}],"version-history":[{"count":0,"href":"https:\/\/havas.cz\/en\/wp-json\/wp\/v2\/pages\/2143\/revisions"}],"up":[{"embeddable":true,"href":"https:\/\/havas.cz\/en\/wp-json\/wp\/v2\/pages\/291"}],"wp:attachment":[{"href":"https:\/\/havas.cz\/en\/wp-json\/wp\/v2\/media?parent=2143"}],"curies":[{"name":"wp","href":"https:\/\/api.w.org\/{rel}","templated":true}]}}