{"id":2145,"date":"2018-10-23T19:25:26","date_gmt":"2018-10-23T17:25:26","guid":{"rendered":"https:\/\/havas.cz\/?page_id=2145"},"modified":"2023-12-15T15:50:12","modified_gmt":"2023-12-15T14:50:12","slug":"havas-prague-2","status":"publish","type":"page","link":"https:\/\/havas.cz\/en\/agency\/havas-prague-2\/","title":{"rendered":"Havas Prague"},"content":{"rendered":"<p>Our projects combine the best elements of marketing, digital, social media, public relations, event management, and design solutions. Our agility, creativity and innovations make our delivery effective and award-winning.<\/p>\n<p>Together with our partners, our broad in-house capacity creates custom solutions, which help the businesses of our clients rise.<\/p>\n<p>It is our drive and consistency that has placed us on the podium of the \u201cAgency of the Year\u201d for 12 consecutive years.<\/p>\n<p>Our motto at Havas is \u201cBetter Together\u201d.<\/p>\n<p>So, whether your brand is facing an imminent communication crisis, or you need to orchestrate a&nbsp;brand-new communication strategy do let us know at <a href=\"mailto:havasprague@havas.com\" target=\"_blank\" rel=\"noopener noreferrer\">havasprague@havas.com<\/a>.<\/p>\n","protected":false},"excerpt":{"rendered":"<p>How do you choose the right communication channels and how do you converge them to get maximum reach of your desired audiences? How do you keep track of all communication projects within a company and align them to get a perfect synchronicity?<\/p>\n","protected":false},"author":1,"featured_media":0,"parent":291,"menu_order":7,"comment_status":"closed","ping_status":"closed","template":"page-discipline.php","meta":{"footnotes":"","_links_to":"","_links_to_target":""},"class_list":["post-2145","page","type-page","status-publish","hentry"],"yoast_head":"<!-- This site is optimized with the Yoast SEO plugin v27.1.1 - https:\/\/yoast.com\/product\/yoast-seo-wordpress\/ -->\n<title>Havas Prague - Havas Prague<\/title>\n<meta name=\"description\" content=\"Our award-winning projects combine the best elements of marketing, digital, social media, public relations, event management, and design solutions.\" \/>\n<meta name=\"robots\" content=\"index, follow, max-snippet:-1, max-image-preview:large, max-video-preview:-1\" \/>\n<link rel=\"canonical\" href=\"https:\/\/havas.cz\/en\/agency\/havas-prague-2\/\" \/>\n<meta property=\"og:locale\" content=\"en_US\" \/>\n<meta property=\"og:type\" content=\"article\" \/>\n<meta property=\"og:title\" content=\"Havas Prague - Havas Prague\" \/>\n<meta property=\"og:description\" content=\"Our award-winning projects combine the best elements of marketing, digital, social media, public relations, event management, and design solutions.\" \/>\n<meta property=\"og:url\" content=\"https:\/\/havas.cz\/en\/agency\/havas-prague-2\/\" \/>\n<meta property=\"og:site_name\" content=\"Havas Prague\" \/>\n<meta property=\"article:modified_time\" content=\"2023-12-15T14:50:12+00:00\" \/>\n<meta name=\"twitter:card\" content=\"summary_large_image\" \/>\n<meta name=\"twitter:label1\" content=\"Est. reading time\" \/>\n\t<meta name=\"twitter:data1\" content=\"1 minute\" \/>\n<script type=\"application\/ld+json\" class=\"yoast-schema-graph\">{\"@context\":\"https:\/\/schema.org\",\"@graph\":[{\"@type\":\"WebPage\",\"@id\":\"https:\/\/havas.cz\/en\/agency\/havas-prague-2\/\",\"url\":\"https:\/\/havas.cz\/en\/agency\/havas-prague-2\/\",\"name\":\"Havas Prague - Havas Prague\",\"isPartOf\":{\"@id\":\"https:\/\/havas.cz\/#website\"},\"datePublished\":\"2018-10-23T17:25:26+00:00\",\"dateModified\":\"2023-12-15T14:50:12+00:00\",\"description\":\"Our award-winning projects combine the best elements of marketing, digital, social media, public relations, event management, and design solutions.\",\"breadcrumb\":{\"@id\":\"https:\/\/havas.cz\/en\/agency\/havas-prague-2\/#breadcrumb\"},\"inLanguage\":\"en-US\",\"potentialAction\":[{\"@type\":\"ReadAction\",\"target\":[\"https:\/\/havas.cz\/en\/agency\/havas-prague-2\/\"]}]},{\"@type\":\"BreadcrumbList\",\"@id\":\"https:\/\/havas.cz\/en\/agency\/havas-prague-2\/#breadcrumb\",\"itemListElement\":[{\"@type\":\"ListItem\",\"position\":1,\"name\":\"Dom\u016f\",\"item\":\"https:\/\/havas.cz\/en\/\"},{\"@type\":\"ListItem\",\"position\":2,\"name\":\"Agency\",\"item\":\"https:\/\/havas.cz\/en\/agency\/\"},{\"@type\":\"ListItem\",\"position\":3,\"name\":\"Havas Prague\"}]},{\"@type\":\"WebSite\",\"@id\":\"https:\/\/havas.cz\/#website\",\"url\":\"https:\/\/havas.cz\/\",\"name\":\"Havas Prague\",\"description\":\"Agentura Havas Prague. Vytv\u00e1\u0159\u00edme smyslupln\u00e1 spojen\u00ed mezi zna\u010dkami a spot\u0159ebiteli.\",\"potentialAction\":[{\"@type\":\"SearchAction\",\"target\":{\"@type\":\"EntryPoint\",\"urlTemplate\":\"https:\/\/havas.cz\/?s={search_term_string}\"},\"query-input\":{\"@type\":\"PropertyValueSpecification\",\"valueRequired\":true,\"valueName\":\"search_term_string\"}}],\"inLanguage\":\"en-US\"}]}<\/script>\n<!-- \/ Yoast SEO plugin. -->","yoast_head_json":{"title":"Havas Prague - Havas Prague","description":"Our award-winning projects combine the best elements of marketing, digital, social media, public relations, event management, and design solutions.","robots":{"index":"index","follow":"follow","max-snippet":"max-snippet:-1","max-image-preview":"max-image-preview:large","max-video-preview":"max-video-preview:-1"},"canonical":"https:\/\/havas.cz\/en\/agency\/havas-prague-2\/","og_locale":"en_US","og_type":"article","og_title":"Havas Prague - Havas Prague","og_description":"Our award-winning projects combine the best elements of marketing, digital, social media, public relations, event management, and design solutions.","og_url":"https:\/\/havas.cz\/en\/agency\/havas-prague-2\/","og_site_name":"Havas Prague","article_modified_time":"2023-12-15T14:50:12+00:00","twitter_card":"summary_large_image","twitter_misc":{"Est. reading time":"1 minute"},"schema":{"@context":"https:\/\/schema.org","@graph":[{"@type":"WebPage","@id":"https:\/\/havas.cz\/en\/agency\/havas-prague-2\/","url":"https:\/\/havas.cz\/en\/agency\/havas-prague-2\/","name":"Havas Prague - Havas Prague","isPartOf":{"@id":"https:\/\/havas.cz\/#website"},"datePublished":"2018-10-23T17:25:26+00:00","dateModified":"2023-12-15T14:50:12+00:00","description":"Our award-winning projects combine the best elements of marketing, digital, social media, public relations, event management, and design solutions.","breadcrumb":{"@id":"https:\/\/havas.cz\/en\/agency\/havas-prague-2\/#breadcrumb"},"inLanguage":"en-US","potentialAction":[{"@type":"ReadAction","target":["https:\/\/havas.cz\/en\/agency\/havas-prague-2\/"]}]},{"@type":"BreadcrumbList","@id":"https:\/\/havas.cz\/en\/agency\/havas-prague-2\/#breadcrumb","itemListElement":[{"@type":"ListItem","position":1,"name":"Dom\u016f","item":"https:\/\/havas.cz\/en\/"},{"@type":"ListItem","position":2,"name":"Agency","item":"https:\/\/havas.cz\/en\/agency\/"},{"@type":"ListItem","position":3,"name":"Havas Prague"}]},{"@type":"WebSite","@id":"https:\/\/havas.cz\/#website","url":"https:\/\/havas.cz\/","name":"Havas Prague","description":"Agentura Havas Prague. Vytv\u00e1\u0159\u00edme smyslupln\u00e1 spojen\u00ed mezi zna\u010dkami a spot\u0159ebiteli.","potentialAction":[{"@type":"SearchAction","target":{"@type":"EntryPoint","urlTemplate":"https:\/\/havas.cz\/?s={search_term_string}"},"query-input":{"@type":"PropertyValueSpecification","valueRequired":true,"valueName":"search_term_string"}}],"inLanguage":"en-US"}]}},"_links":{"self":[{"href":"https:\/\/havas.cz\/en\/wp-json\/wp\/v2\/pages\/2145","targetHints":{"allow":["GET"]}}],"collection":[{"href":"https:\/\/havas.cz\/en\/wp-json\/wp\/v2\/pages"}],"about":[{"href":"https:\/\/havas.cz\/en\/wp-json\/wp\/v2\/types\/page"}],"author":[{"embeddable":true,"href":"https:\/\/havas.cz\/en\/wp-json\/wp\/v2\/users\/1"}],"replies":[{"embeddable":true,"href":"https:\/\/havas.cz\/en\/wp-json\/wp\/v2\/comments?post=2145"}],"version-history":[{"count":4,"href":"https:\/\/havas.cz\/en\/wp-json\/wp\/v2\/pages\/2145\/revisions"}],"predecessor-version":[{"id":16295,"href":"https:\/\/havas.cz\/en\/wp-json\/wp\/v2\/pages\/2145\/revisions\/16295"}],"up":[{"embeddable":true,"href":"https:\/\/havas.cz\/en\/wp-json\/wp\/v2\/pages\/291"}],"wp:attachment":[{"href":"https:\/\/havas.cz\/en\/wp-json\/wp\/v2\/media?parent=2145"}],"curies":[{"name":"wp","href":"https:\/\/api.w.org\/{rel}","templated":true}]}}