{"id":2148,"date":"2018-10-23T19:26:14","date_gmt":"2018-10-23T17:26:14","guid":{"rendered":"https:\/\/havas.cz\/?page_id=2148"},"modified":"2023-02-24T16:51:59","modified_gmt":"2023-02-24T15:51:59","slug":"hercules","status":"publish","type":"page","link":"https:\/\/havas.cz\/en\/agency\/hercules\/","title":{"rendered":"Hercules"},"content":{"rendered":"<p>Hercules transforms clients\u2019 communication from fragmented to centralized and from costly to cost-efficient. Teams of multilingual communication, production and post production experts excel in creative adaptation, localization and production services in all languages and across all marketing channels. We can create everything from TV spots to web pages or banners. For swift task management we use our proprietary tool Pulse.<\/p>\n<p>Clients like JDE, Energizer and Merck chose us for our global deployment capabilities with local relevance and to help them achieve higher ROI. In fact, Hercules can deliver 20 &#8211; 50&nbsp;% costs savings.<\/p>\n<p>Contact us at <a href=\"mailto:hercules@hercules-tp.com\">hercules@hercules-tp.com<\/a>.<\/p>\n","protected":false},"excerpt":{"rendered":"<p>One of the biggest challenges for global brands is maintaining consistency in their brand\u2019s message and principles, while respecting local specifics. The larger the scale of the campaign, the higher the probability that the consistency will be lost, and the execution will be ineffective.<\/p>\n","protected":false},"author":1,"featured_media":0,"parent":291,"menu_order":8,"comment_status":"closed","ping_status":"closed","template":"page-discipline.php","meta":{"footnotes":"","_links_to":"","_links_to_target":""},"class_list":["post-2148","page","type-page","status-publish","hentry"],"yoast_head":"<!-- This site is optimized with the Yoast SEO plugin v27.1.1 - https:\/\/yoast.com\/product\/yoast-seo-wordpress\/ -->\n<title>Hercules - Havas Prague<\/title>\n<meta name=\"description\" content=\"Hercules - Havas Prague\" \/>\n<meta name=\"robots\" content=\"index, follow, max-snippet:-1, max-image-preview:large, max-video-preview:-1\" \/>\n<link rel=\"canonical\" href=\"https:\/\/havas.cz\/en\/agency\/hercules\/\" \/>\n<meta property=\"og:locale\" content=\"en_US\" \/>\n<meta property=\"og:type\" content=\"article\" \/>\n<meta property=\"og:title\" content=\"Hercules - Havas Prague\" \/>\n<meta property=\"og:description\" content=\"Hercules - Havas Prague\" \/>\n<meta property=\"og:url\" content=\"https:\/\/havas.cz\/en\/agency\/hercules\/\" \/>\n<meta property=\"og:site_name\" content=\"Havas Prague\" \/>\n<meta property=\"article:modified_time\" content=\"2023-02-24T15:51:59+00:00\" \/>\n<meta name=\"twitter:card\" content=\"summary_large_image\" \/>\n<script type=\"application\/ld+json\" class=\"yoast-schema-graph\">{\"@context\":\"https:\/\/schema.org\",\"@graph\":[{\"@type\":\"WebPage\",\"@id\":\"https:\/\/havas.cz\/en\/agency\/hercules\/\",\"url\":\"https:\/\/havas.cz\/en\/agency\/hercules\/\",\"name\":\"Hercules - Havas Prague\",\"isPartOf\":{\"@id\":\"https:\/\/havas.cz\/#website\"},\"datePublished\":\"2018-10-23T17:26:14+00:00\",\"dateModified\":\"2023-02-24T15:51:59+00:00\",\"description\":\"Hercules - Havas Prague\",\"breadcrumb\":{\"@id\":\"https:\/\/havas.cz\/en\/agency\/hercules\/#breadcrumb\"},\"inLanguage\":\"en-US\",\"potentialAction\":[{\"@type\":\"ReadAction\",\"target\":[\"https:\/\/havas.cz\/en\/agency\/hercules\/\"]}]},{\"@type\":\"BreadcrumbList\",\"@id\":\"https:\/\/havas.cz\/en\/agency\/hercules\/#breadcrumb\",\"itemListElement\":[{\"@type\":\"ListItem\",\"position\":1,\"name\":\"Dom\u016f\",\"item\":\"https:\/\/havas.cz\/en\/\"},{\"@type\":\"ListItem\",\"position\":2,\"name\":\"Agency\",\"item\":\"https:\/\/havas.cz\/en\/agency\/\"},{\"@type\":\"ListItem\",\"position\":3,\"name\":\"Hercules\"}]},{\"@type\":\"WebSite\",\"@id\":\"https:\/\/havas.cz\/#website\",\"url\":\"https:\/\/havas.cz\/\",\"name\":\"Havas Prague\",\"description\":\"Agentura Havas Prague. Vytv\u00e1\u0159\u00edme smyslupln\u00e1 spojen\u00ed mezi zna\u010dkami a spot\u0159ebiteli.\",\"potentialAction\":[{\"@type\":\"SearchAction\",\"target\":{\"@type\":\"EntryPoint\",\"urlTemplate\":\"https:\/\/havas.cz\/?s={search_term_string}\"},\"query-input\":{\"@type\":\"PropertyValueSpecification\",\"valueRequired\":true,\"valueName\":\"search_term_string\"}}],\"inLanguage\":\"en-US\"}]}<\/script>\n<!-- \/ Yoast SEO plugin. -->","yoast_head_json":{"title":"Hercules - Havas Prague","description":"Hercules - Havas Prague","robots":{"index":"index","follow":"follow","max-snippet":"max-snippet:-1","max-image-preview":"max-image-preview:large","max-video-preview":"max-video-preview:-1"},"canonical":"https:\/\/havas.cz\/en\/agency\/hercules\/","og_locale":"en_US","og_type":"article","og_title":"Hercules - Havas Prague","og_description":"Hercules - Havas Prague","og_url":"https:\/\/havas.cz\/en\/agency\/hercules\/","og_site_name":"Havas Prague","article_modified_time":"2023-02-24T15:51:59+00:00","twitter_card":"summary_large_image","schema":{"@context":"https:\/\/schema.org","@graph":[{"@type":"WebPage","@id":"https:\/\/havas.cz\/en\/agency\/hercules\/","url":"https:\/\/havas.cz\/en\/agency\/hercules\/","name":"Hercules - Havas Prague","isPartOf":{"@id":"https:\/\/havas.cz\/#website"},"datePublished":"2018-10-23T17:26:14+00:00","dateModified":"2023-02-24T15:51:59+00:00","description":"Hercules - Havas Prague","breadcrumb":{"@id":"https:\/\/havas.cz\/en\/agency\/hercules\/#breadcrumb"},"inLanguage":"en-US","potentialAction":[{"@type":"ReadAction","target":["https:\/\/havas.cz\/en\/agency\/hercules\/"]}]},{"@type":"BreadcrumbList","@id":"https:\/\/havas.cz\/en\/agency\/hercules\/#breadcrumb","itemListElement":[{"@type":"ListItem","position":1,"name":"Dom\u016f","item":"https:\/\/havas.cz\/en\/"},{"@type":"ListItem","position":2,"name":"Agency","item":"https:\/\/havas.cz\/en\/agency\/"},{"@type":"ListItem","position":3,"name":"Hercules"}]},{"@type":"WebSite","@id":"https:\/\/havas.cz\/#website","url":"https:\/\/havas.cz\/","name":"Havas Prague","description":"Agentura Havas Prague. Vytv\u00e1\u0159\u00edme smyslupln\u00e1 spojen\u00ed mezi zna\u010dkami a spot\u0159ebiteli.","potentialAction":[{"@type":"SearchAction","target":{"@type":"EntryPoint","urlTemplate":"https:\/\/havas.cz\/?s={search_term_string}"},"query-input":{"@type":"PropertyValueSpecification","valueRequired":true,"valueName":"search_term_string"}}],"inLanguage":"en-US"}]}},"_links":{"self":[{"href":"https:\/\/havas.cz\/en\/wp-json\/wp\/v2\/pages\/2148","targetHints":{"allow":["GET"]}}],"collection":[{"href":"https:\/\/havas.cz\/en\/wp-json\/wp\/v2\/pages"}],"about":[{"href":"https:\/\/havas.cz\/en\/wp-json\/wp\/v2\/types\/page"}],"author":[{"embeddable":true,"href":"https:\/\/havas.cz\/en\/wp-json\/wp\/v2\/users\/1"}],"replies":[{"embeddable":true,"href":"https:\/\/havas.cz\/en\/wp-json\/wp\/v2\/comments?post=2148"}],"version-history":[{"count":0,"href":"https:\/\/havas.cz\/en\/wp-json\/wp\/v2\/pages\/2148\/revisions"}],"up":[{"embeddable":true,"href":"https:\/\/havas.cz\/en\/wp-json\/wp\/v2\/pages\/291"}],"wp:attachment":[{"href":"https:\/\/havas.cz\/en\/wp-json\/wp\/v2\/media?parent=2148"}],"curies":[{"name":"wp","href":"https:\/\/api.w.org\/{rel}","templated":true}]}}