{"id":290,"date":"2018-08-29T18:41:01","date_gmt":"2018-08-29T16:41:01","guid":{"rendered":"https:\/\/havas.cz\/havas-prague\/"},"modified":"2024-10-11T10:17:28","modified_gmt":"2024-10-11T08:17:28","slug":"havas-prague","status":"publish","type":"page","link":"https:\/\/havas.cz\/en\/","title":{"rendered":"Homepage"},"content":{"rendered":"","protected":false},"excerpt":{"rendered":"","protected":false},"author":1,"featured_media":15995,"parent":0,"menu_order":1,"comment_status":"closed","ping_status":"closed","template":"front-page.php","meta":{"footnotes":"","_links_to":"","_links_to_target":""},"class_list":["post-290","page","type-page","status-publish","has-post-thumbnail","hentry"],"yoast_head":"<!-- This site is optimized with the Yoast SEO plugin v27.1.1 - https:\/\/yoast.com\/product\/yoast-seo-wordpress\/ -->\n<title>Homepage - Havas Prague<\/title>\n<meta name=\"description\" content=\"Homepage - Havas Prague We connect creativity, innovation and media to create meaningful communication between brands and consumers.\" \/>\n<meta name=\"robots\" content=\"index, follow, max-snippet:-1, max-image-preview:large, max-video-preview:-1\" \/>\n<link rel=\"canonical\" href=\"https:\/\/havas.cz\/en\/\" \/>\n<meta property=\"og:locale\" content=\"en_US\" \/>\n<meta property=\"og:type\" content=\"article\" \/>\n<meta property=\"og:title\" content=\"Homepage - Havas Prague\" \/>\n<meta property=\"og:description\" content=\"Homepage - Havas Prague We connect creativity, innovation and media to create meaningful communication between brands and consumers.\" \/>\n<meta property=\"og:url\" content=\"https:\/\/havas.cz\/en\/\" \/>\n<meta property=\"og:site_name\" content=\"Havas Prague\" \/>\n<meta property=\"article:modified_time\" content=\"2024-10-11T08:17:28+00:00\" \/>\n<meta property=\"og:image\" content=\"https:\/\/havas.cz\/wp-content\/uploads\/2023\/11\/cropped-favicon-2.png\" \/>\n\t<meta property=\"og:image:width\" content=\"512\" \/>\n\t<meta property=\"og:image:height\" content=\"512\" \/>\n\t<meta property=\"og:image:type\" content=\"image\/png\" \/>\n<meta name=\"twitter:card\" content=\"summary_large_image\" \/>\n<script type=\"application\/ld+json\" class=\"yoast-schema-graph\">{\"@context\":\"https:\/\/schema.org\",\"@graph\":[{\"@type\":\"WebPage\",\"@id\":\"https:\/\/havas.cz\/en\/\",\"url\":\"https:\/\/havas.cz\/en\/\",\"name\":\"Homepage - Havas Prague\",\"isPartOf\":{\"@id\":\"https:\/\/havas.cz\/#website\"},\"primaryImageOfPage\":{\"@id\":\"https:\/\/havas.cz\/en\/#primaryimage\"},\"image\":{\"@id\":\"https:\/\/havas.cz\/en\/#primaryimage\"},\"thumbnailUrl\":\"https:\/\/havas.cz\/wp-content\/uploads\/2023\/11\/cropped-favicon-2.png\",\"datePublished\":\"2018-08-29T16:41:01+00:00\",\"dateModified\":\"2024-10-11T08:17:28+00:00\",\"description\":\"Homepage - Havas Prague We connect creativity, innovation and media to create meaningful communication between brands and consumers.\",\"breadcrumb\":{\"@id\":\"https:\/\/havas.cz\/en\/#breadcrumb\"},\"inLanguage\":\"en-US\",\"potentialAction\":[{\"@type\":\"ReadAction\",\"target\":[\"https:\/\/havas.cz\/en\/\"]}]},{\"@type\":\"ImageObject\",\"inLanguage\":\"en-US\",\"@id\":\"https:\/\/havas.cz\/en\/#primaryimage\",\"url\":\"https:\/\/havas.cz\/wp-content\/uploads\/2023\/11\/cropped-favicon-2.png\",\"contentUrl\":\"https:\/\/havas.cz\/wp-content\/uploads\/2023\/11\/cropped-favicon-2.png\",\"width\":512,\"height\":512},{\"@type\":\"BreadcrumbList\",\"@id\":\"https:\/\/havas.cz\/en\/#breadcrumb\",\"itemListElement\":[{\"@type\":\"ListItem\",\"position\":1,\"name\":\"Dom\u016f\",\"item\":\"https:\/\/havas.cz\/en\/\"},{\"@type\":\"ListItem\",\"position\":2,\"name\":\"Homepage\"}]},{\"@type\":\"WebSite\",\"@id\":\"https:\/\/havas.cz\/#website\",\"url\":\"https:\/\/havas.cz\/\",\"name\":\"Havas Prague\",\"description\":\"Agentura Havas Prague. Vytv\u00e1\u0159\u00edme smyslupln\u00e1 spojen\u00ed mezi zna\u010dkami a spot\u0159ebiteli.\",\"potentialAction\":[{\"@type\":\"SearchAction\",\"target\":{\"@type\":\"EntryPoint\",\"urlTemplate\":\"https:\/\/havas.cz\/?s={search_term_string}\"},\"query-input\":{\"@type\":\"PropertyValueSpecification\",\"valueRequired\":true,\"valueName\":\"search_term_string\"}}],\"inLanguage\":\"en-US\"}]}<\/script>\n<!-- \/ Yoast SEO plugin. -->","yoast_head_json":{"title":"Homepage - Havas Prague","description":"Homepage - Havas Prague We connect creativity, innovation and media to create meaningful communication between brands and consumers.","robots":{"index":"index","follow":"follow","max-snippet":"max-snippet:-1","max-image-preview":"max-image-preview:large","max-video-preview":"max-video-preview:-1"},"canonical":"https:\/\/havas.cz\/en\/","og_locale":"en_US","og_type":"article","og_title":"Homepage - Havas Prague","og_description":"Homepage - Havas Prague We connect creativity, innovation and media to create meaningful communication between brands and consumers.","og_url":"https:\/\/havas.cz\/en\/","og_site_name":"Havas Prague","article_modified_time":"2024-10-11T08:17:28+00:00","og_image":[{"width":512,"height":512,"url":"https:\/\/havas.cz\/wp-content\/uploads\/2023\/11\/cropped-favicon-2.png","type":"image\/png"}],"twitter_card":"summary_large_image","schema":{"@context":"https:\/\/schema.org","@graph":[{"@type":"WebPage","@id":"https:\/\/havas.cz\/en\/","url":"https:\/\/havas.cz\/en\/","name":"Homepage - Havas Prague","isPartOf":{"@id":"https:\/\/havas.cz\/#website"},"primaryImageOfPage":{"@id":"https:\/\/havas.cz\/en\/#primaryimage"},"image":{"@id":"https:\/\/havas.cz\/en\/#primaryimage"},"thumbnailUrl":"https:\/\/havas.cz\/wp-content\/uploads\/2023\/11\/cropped-favicon-2.png","datePublished":"2018-08-29T16:41:01+00:00","dateModified":"2024-10-11T08:17:28+00:00","description":"Homepage - Havas Prague We connect creativity, innovation and media to create meaningful communication between brands and consumers.","breadcrumb":{"@id":"https:\/\/havas.cz\/en\/#breadcrumb"},"inLanguage":"en-US","potentialAction":[{"@type":"ReadAction","target":["https:\/\/havas.cz\/en\/"]}]},{"@type":"ImageObject","inLanguage":"en-US","@id":"https:\/\/havas.cz\/en\/#primaryimage","url":"https:\/\/havas.cz\/wp-content\/uploads\/2023\/11\/cropped-favicon-2.png","contentUrl":"https:\/\/havas.cz\/wp-content\/uploads\/2023\/11\/cropped-favicon-2.png","width":512,"height":512},{"@type":"BreadcrumbList","@id":"https:\/\/havas.cz\/en\/#breadcrumb","itemListElement":[{"@type":"ListItem","position":1,"name":"Dom\u016f","item":"https:\/\/havas.cz\/en\/"},{"@type":"ListItem","position":2,"name":"Homepage"}]},{"@type":"WebSite","@id":"https:\/\/havas.cz\/#website","url":"https:\/\/havas.cz\/","name":"Havas Prague","description":"Agentura Havas Prague. Vytv\u00e1\u0159\u00edme smyslupln\u00e1 spojen\u00ed mezi zna\u010dkami a spot\u0159ebiteli.","potentialAction":[{"@type":"SearchAction","target":{"@type":"EntryPoint","urlTemplate":"https:\/\/havas.cz\/?s={search_term_string}"},"query-input":{"@type":"PropertyValueSpecification","valueRequired":true,"valueName":"search_term_string"}}],"inLanguage":"en-US"}]}},"_links":{"self":[{"href":"https:\/\/havas.cz\/en\/wp-json\/wp\/v2\/pages\/290","targetHints":{"allow":["GET"]}}],"collection":[{"href":"https:\/\/havas.cz\/en\/wp-json\/wp\/v2\/pages"}],"about":[{"href":"https:\/\/havas.cz\/en\/wp-json\/wp\/v2\/types\/page"}],"author":[{"embeddable":true,"href":"https:\/\/havas.cz\/en\/wp-json\/wp\/v2\/users\/1"}],"replies":[{"embeddable":true,"href":"https:\/\/havas.cz\/en\/wp-json\/wp\/v2\/comments?post=290"}],"version-history":[{"count":1,"href":"https:\/\/havas.cz\/en\/wp-json\/wp\/v2\/pages\/290\/revisions"}],"predecessor-version":[{"id":16218,"href":"https:\/\/havas.cz\/en\/wp-json\/wp\/v2\/pages\/290\/revisions\/16218"}],"wp:featuredmedia":[{"embeddable":true,"href":"https:\/\/havas.cz\/en\/wp-json\/wp\/v2\/media\/15995"}],"wp:attachment":[{"href":"https:\/\/havas.cz\/en\/wp-json\/wp\/v2\/media?parent=290"}],"curies":[{"name":"wp","href":"https:\/\/api.w.org\/{rel}","templated":true}]}}